{"id":6922,"date":"2018-10-22T15:31:52","date_gmt":"2018-10-22T15:31:52","guid":{"rendered":"https:\/\/oesteserviciossociales.com\/?page_id=6922"},"modified":"2025-09-12T15:29:36","modified_gmt":"2025-09-12T15:29:36","slug":"turnosonline","status":"publish","type":"page","link":"https:\/\/oesteserviciossociales.com\/?page_id=6922","title":{"rendered":"TurnosOnline"},"content":{"rendered":"<section class=\"l-section wpb_row height_medium\"><div class=\"l-section-h i-cf\"><div class=\"g-cols vc_row type_default valign_top\"><div class=\"vc_col-sm-12 wpb_column vc_column_container\"><div class=\"vc_column-inner\"><div class=\"wpb_wrapper\"><\/div><\/div><\/div><\/div><\/div><\/section><section class=\"l-section wpb_row us_custom_fe85d478 height_medium\"><div class=\"l-section-h i-cf\"><div class=\"g-cols vc_row type_default valign_top\"><div class=\"vc_col-sm-12 wpb_column vc_column_container\"><div class=\"vc_column-inner\"><div class=\"wpb_wrapper\"><div class=\"g-cols wpb_row  us_custom_c3dc6b91 type_default valign_top vc_inner\"><div class=\"vc_col-sm-12 wpb_column vc_column_container\"><div class=\"vc_column-inner\"><div class=\"wpb_wrapper\"><div class=\"wpb_text_column us_custom_3d5c58ed has_text_color\" ><div class=\"wpb_wrapper\"><h3 style=\"text-align: center;\"> <strong>WhatsApp:<\/strong> <strong>De 8 hs a 15:30 hs.<\/strong><\/h3>\n<\/div><\/div><\/div><\/div><\/div><\/div>[vc_raw_html css=\u00bb%7B%22default%22%3A%7B%22margin-top%22%3A%22500%22%2C%22padding-top%22%3A%22500%22%7D%7D\u00bb]JTNDaWZyYW1lJTIwc3JjJTNEJTIyaHR0cHMlM0ElMkYlMkZhcHAub2VzdGVzZXJ2aWNpb3Nzb2NpYWxlcy5jb20lMkZ0dXJub3MlMjIlMjBzdHlsZSUzRCUyMndpZHRoJTNBMTAwJTI1JTNCJTIwaGVpZ2h0JTNBOTAwcHglM0IlMjIlMjBmcmFtZWJvcmRlciUzRCUyMjAlMjIlMjBhbGxvd2Z1bGxzY3JlZW4lM0UlM0MlMkZpZnJhbWUlM0U=[\/vc_raw_html]<\/div><\/div><\/div><\/div><\/div><\/section>\n","protected":false},"excerpt":{"rendered":"WhatsApp: De 8 hs a 15:30 hs. [vc_raw_html css=\"%7B%22default%22%3A%7B%22margin-top%22%3A%22500%22%2C%22padding-top%22%3A%22500%22%7D%7D\"]JTNDaWZyYW1lJTIwc3JjJTNEJTIyaHR0cHMlM0ElMkYlMkZhcHAub2VzdGVzZXJ2aWNpb3Nzb2NpYWxlcy5jb20lMkZ0dXJub3MlMjIlMjBzdHlsZSUzRCUyMndpZHRoJTNBMTAwJTI1JTNCJTIwaGVpZ2h0JTNBOTAwcHglM0IlMjIlMjBmcmFtZWJvcmRlciUzRCUyMjAlMjIlMjBhbGxvd2Z1bGxzY3JlZW4lM0UlM0MlMkZpZnJhbWUlM0U=[\/vc_raw_html]","protected":false},"author":1,"featured_media":0,"parent":0,"menu_order":0,"comment_status":"closed","ping_status":"closed","template":"","meta":{"footnotes":""},"yoast_head":"<!-- This site is optimized with the Yoast SEO plugin v22.2 - https:\/\/yoast.com\/wordpress\/plugins\/seo\/ -->\n<title>TurnosOnline - Oeste Servicios Sociales<\/title>\n<meta name=\"robots\" content=\"index, follow, max-snippet:-1, max-image-preview:large, max-video-preview:-1\" \/>\n<link rel=\"canonical\" href=\"https:\/\/oesteserviciossociales.com\/?page_id=6922\" \/>\n<meta property=\"og:locale\" content=\"es_ES\" \/>\n<meta property=\"og:type\" content=\"article\" \/>\n<meta property=\"og:title\" content=\"Turnos Online\" \/>\n<meta property=\"og:description\" content=\"Planes Individuales y grupales sin l\u00edmite de edad. Reconocimiento de antig\u00fcedad a socios de otras empresas. Importantes descuentos por d\u00e9bito autom\u00e1tico. Descuentos en Farmacias.\" \/>\n<meta property=\"og:url\" content=\"https:\/\/oesteserviciossociales.com\/?page_id=6922\" \/>\n<meta property=\"og:site_name\" content=\"Oeste Servicios Sociales\" \/>\n<meta property=\"article:modified_time\" content=\"2025-09-12T15:29:36+00:00\" \/>\n<meta property=\"og:image\" content=\"https:\/\/oesteserviciossociales.com\/wp-content\/uploads\/2018\/11\/medica2.jpg\" \/>\n\t<meta property=\"og:image:width\" content=\"984\" \/>\n\t<meta property=\"og:image:height\" content=\"870\" \/>\n\t<meta property=\"og:image:type\" content=\"image\/jpeg\" \/>\n<meta name=\"twitter:card\" content=\"summary_large_image\" \/>\n<meta name=\"twitter:label1\" content=\"Tiempo de lectura\" \/>\n\t<meta name=\"twitter:data1\" content=\"1 minuto\" \/>\n<script type=\"application\/ld+json\" class=\"yoast-schema-graph\">{\"@context\":\"https:\/\/schema.org\",\"@graph\":[{\"@type\":\"WebPage\",\"@id\":\"https:\/\/oesteserviciossociales.com\/?page_id=6922\",\"url\":\"https:\/\/oesteserviciossociales.com\/?page_id=6922\",\"name\":\"TurnosOnline - Oeste Servicios Sociales\",\"isPartOf\":{\"@id\":\"https:\/\/oesteserviciossociales.com\/#website\"},\"datePublished\":\"2018-10-22T15:31:52+00:00\",\"dateModified\":\"2025-09-12T15:29:36+00:00\",\"breadcrumb\":{\"@id\":\"https:\/\/oesteserviciossociales.com\/?page_id=6922#breadcrumb\"},\"inLanguage\":\"es\",\"potentialAction\":[{\"@type\":\"ReadAction\",\"target\":[\"https:\/\/oesteserviciossociales.com\/?page_id=6922\"]}]},{\"@type\":\"BreadcrumbList\",\"@id\":\"https:\/\/oesteserviciossociales.com\/?page_id=6922#breadcrumb\",\"itemListElement\":[{\"@type\":\"ListItem\",\"position\":1,\"name\":\"Portada\",\"item\":\"https:\/\/oesteserviciossociales.com\/\"},{\"@type\":\"ListItem\",\"position\":2,\"name\":\"TurnosOnline\"}]},{\"@type\":\"WebSite\",\"@id\":\"https:\/\/oesteserviciossociales.com\/#website\",\"url\":\"https:\/\/oesteserviciossociales.com\/\",\"name\":\"Oeste Servicios Sociales\",\"description\":\"La Orientaci\u00f3n Exacta\",\"potentialAction\":[{\"@type\":\"SearchAction\",\"target\":{\"@type\":\"EntryPoint\",\"urlTemplate\":\"https:\/\/oesteserviciossociales.com\/?s={search_term_string}\"},\"query-input\":\"required name=search_term_string\"}],\"inLanguage\":\"es\"}]}<\/script>\n<!-- \/ Yoast SEO plugin. -->","yoast_head_json":{"title":"TurnosOnline - Oeste Servicios Sociales","robots":{"index":"index","follow":"follow","max-snippet":"max-snippet:-1","max-image-preview":"max-image-preview:large","max-video-preview":"max-video-preview:-1"},"canonical":"https:\/\/oesteserviciossociales.com\/?page_id=6922","og_locale":"es_ES","og_type":"article","og_title":"Turnos Online","og_description":"Planes Individuales y grupales sin l\u00edmite de edad. Reconocimiento de antig\u00fcedad a socios de otras empresas. Importantes descuentos por d\u00e9bito autom\u00e1tico. Descuentos en Farmacias.","og_url":"https:\/\/oesteserviciossociales.com\/?page_id=6922","og_site_name":"Oeste Servicios Sociales","article_modified_time":"2025-09-12T15:29:36+00:00","og_image":[{"width":984,"height":870,"url":"https:\/\/oesteserviciossociales.com\/wp-content\/uploads\/2018\/11\/medica2.jpg","type":"image\/jpeg"}],"twitter_card":"summary_large_image","twitter_misc":{"Tiempo de lectura":"1 minuto"},"schema":{"@context":"https:\/\/schema.org","@graph":[{"@type":"WebPage","@id":"https:\/\/oesteserviciossociales.com\/?page_id=6922","url":"https:\/\/oesteserviciossociales.com\/?page_id=6922","name":"TurnosOnline - Oeste Servicios Sociales","isPartOf":{"@id":"https:\/\/oesteserviciossociales.com\/#website"},"datePublished":"2018-10-22T15:31:52+00:00","dateModified":"2025-09-12T15:29:36+00:00","breadcrumb":{"@id":"https:\/\/oesteserviciossociales.com\/?page_id=6922#breadcrumb"},"inLanguage":"es","potentialAction":[{"@type":"ReadAction","target":["https:\/\/oesteserviciossociales.com\/?page_id=6922"]}]},{"@type":"BreadcrumbList","@id":"https:\/\/oesteserviciossociales.com\/?page_id=6922#breadcrumb","itemListElement":[{"@type":"ListItem","position":1,"name":"Portada","item":"https:\/\/oesteserviciossociales.com\/"},{"@type":"ListItem","position":2,"name":"TurnosOnline"}]},{"@type":"WebSite","@id":"https:\/\/oesteserviciossociales.com\/#website","url":"https:\/\/oesteserviciossociales.com\/","name":"Oeste Servicios Sociales","description":"La Orientaci\u00f3n Exacta","potentialAction":[{"@type":"SearchAction","target":{"@type":"EntryPoint","urlTemplate":"https:\/\/oesteserviciossociales.com\/?s={search_term_string}"},"query-input":"required name=search_term_string"}],"inLanguage":"es"}]}},"_links":{"self":[{"href":"https:\/\/oesteserviciossociales.com\/index.php?rest_route=\/wp\/v2\/pages\/6922"}],"collection":[{"href":"https:\/\/oesteserviciossociales.com\/index.php?rest_route=\/wp\/v2\/pages"}],"about":[{"href":"https:\/\/oesteserviciossociales.com\/index.php?rest_route=\/wp\/v2\/types\/page"}],"author":[{"embeddable":true,"href":"https:\/\/oesteserviciossociales.com\/index.php?rest_route=\/wp\/v2\/users\/1"}],"replies":[{"embeddable":true,"href":"https:\/\/oesteserviciossociales.com\/index.php?rest_route=%2Fwp%2Fv2%2Fcomments&post=6922"}],"version-history":[{"count":49,"href":"https:\/\/oesteserviciossociales.com\/index.php?rest_route=\/wp\/v2\/pages\/6922\/revisions"}],"predecessor-version":[{"id":7650,"href":"https:\/\/oesteserviciossociales.com\/index.php?rest_route=\/wp\/v2\/pages\/6922\/revisions\/7650"}],"wp:attachment":[{"href":"https:\/\/oesteserviciossociales.com\/index.php?rest_route=%2Fwp%2Fv2%2Fmedia&parent=6922"}],"curies":[{"name":"wp","href":"https:\/\/api.w.org\/{rel}","templated":true}]}}