{"id":6889,"date":"2018-10-19T17:54:45","date_gmt":"2018-10-19T17:54:45","guid":{"rendered":"https:\/\/oesteserviciossociales.com\/?page_id=6889"},"modified":"2019-07-03T17:16:15","modified_gmt":"2019-07-03T17:16:15","slug":"estudios","status":"publish","type":"page","link":"https:\/\/oesteserviciossociales.com\/?page_id=6889","title":{"rendered":"Estudios"},"content":{"rendered":"<section class=\"l-section wpb_row height_medium\"><div class=\"l-section-h i-cf\"><div class=\"g-cols vc_row type_default valign_top\"><div class=\"vc_col-sm-3 wpb_column vc_column_container\"><div class=\"vc_column-inner\"><div class=\"wpb_wrapper\"><div class=\"wpb_text_column\" ><div class=\"wpb_wrapper\"><ul>\n<li>Mamograf\u00edas<\/li>\n<li>Otopantomograf\u00edas<\/li>\n<li>Ecograf\u00edas<\/li>\n<li>Eco Doppler<\/li>\n<li>Laboratorio de An\u00e1lisis<\/li>\n<li>Paquimetr\u00edas<\/li>\n<\/ul>\n<\/div><\/div><\/div><\/div><\/div><div class=\"vc_col-sm-3 wpb_column vc_column_container\"><div class=\"vc_column-inner\"><div class=\"wpb_wrapper\"><div class=\"wpb_text_column\" ><div class=\"wpb_wrapper\"><ul>\n<li>Colonoscopias<\/li>\n<li>Colposcopias<\/li>\n<li>Videocolposcopias<\/li>\n<li>Radiograf\u00edas<\/li>\n<li>Ecometr\u00edas<\/li>\n<\/ul>\n<\/div><\/div><\/div><\/div><\/div><div class=\"vc_col-sm-3 wpb_column vc_column_container\"><div class=\"vc_column-inner\"><div class=\"wpb_wrapper\"><div class=\"wpb_text_column\" ><div class=\"wpb_wrapper\"><ul>\n<li>Electrocardiogramas<\/li>\n<li>Ecocardiogramas<\/li>\n<li>Ecocardiograma Doppler<\/li>\n<li>Holter<\/li>\n<li>Mapa<\/li>\n<\/ul>\n<\/div><\/div><\/div><\/div><\/div><div class=\"vc_col-sm-3 wpb_column vc_column_container\"><div class=\"vc_column-inner\"><div class=\"wpb_wrapper\"><div class=\"wpb_text_column\" ><div class=\"wpb_wrapper\"><ul>\n<li>Espirometr\u00edas<\/li>\n<li>Audiometr\u00edas<\/li>\n<li>Logoaudiometr\u00edas<\/li>\n<li>Acufanologoaudiometr\u00edas<\/li>\n<li>Otoemisiones Ac\u00fasticas<\/li>\n<\/ul>\n<\/div><\/div><\/div><\/div><\/div><\/div><\/div><\/section><section class=\"l-section wpb_row height_medium\"><div class=\"l-section-h i-cf\"><div class=\"g-cols vc_row type_default valign_top\"><div class=\"vc_col-sm-4 wpb_column vc_column_container\"><div class=\"vc_column-inner\"><div class=\"wpb_wrapper\"><div class=\"w-image align_none\"><div class=\"w-image-h\"><img loading=\"lazy\" decoding=\"async\" width=\"600\" height=\"600\" src=\"https:\/\/oesteserviciossociales.com\/wp-content\/uploads\/2018\/11\/1.jpg\" class=\"attachment-us_600_600_crop size-us_600_600_crop\" alt=\"\" srcset=\"https:\/\/oesteserviciossociales.com\/wp-content\/uploads\/2018\/11\/1.jpg 600w, https:\/\/oesteserviciossociales.com\/wp-content\/uploads\/2018\/11\/1-150x150.jpg 150w, https:\/\/oesteserviciossociales.com\/wp-content\/uploads\/2018\/11\/1-300x300.jpg 300w, https:\/\/oesteserviciossociales.com\/wp-content\/uploads\/2018\/11\/1-350x350.jpg 350w\" sizes=\"(max-width: 600px) 100vw, 600px\" \/><\/div><\/div><div class=\"w-image align_none\"><div class=\"w-image-h\"><img loading=\"lazy\" decoding=\"async\" width=\"600\" height=\"600\" src=\"https:\/\/oesteserviciossociales.com\/wp-content\/uploads\/2018\/11\/4.jpg\" class=\"attachment-us_600_600_crop size-us_600_600_crop\" alt=\"\" srcset=\"https:\/\/oesteserviciossociales.com\/wp-content\/uploads\/2018\/11\/4.jpg 600w, https:\/\/oesteserviciossociales.com\/wp-content\/uploads\/2018\/11\/4-150x150.jpg 150w, https:\/\/oesteserviciossociales.com\/wp-content\/uploads\/2018\/11\/4-300x300.jpg 300w, https:\/\/oesteserviciossociales.com\/wp-content\/uploads\/2018\/11\/4-350x350.jpg 350w\" sizes=\"(max-width: 600px) 100vw, 600px\" \/><\/div><\/div><div class=\"w-image align_none\"><div class=\"w-image-h\"><img loading=\"lazy\" decoding=\"async\" width=\"600\" height=\"600\" src=\"https:\/\/oesteserviciossociales.com\/wp-content\/uploads\/2018\/11\/7.jpg\" class=\"attachment-us_600_600_crop size-us_600_600_crop\" alt=\"\" srcset=\"https:\/\/oesteserviciossociales.com\/wp-content\/uploads\/2018\/11\/7.jpg 600w, https:\/\/oesteserviciossociales.com\/wp-content\/uploads\/2018\/11\/7-150x150.jpg 150w, https:\/\/oesteserviciossociales.com\/wp-content\/uploads\/2018\/11\/7-300x300.jpg 300w, https:\/\/oesteserviciossociales.com\/wp-content\/uploads\/2018\/11\/7-350x350.jpg 350w\" sizes=\"(max-width: 600px) 100vw, 600px\" \/><\/div><\/div><div class=\"w-image align_none\"><div class=\"w-image-h\"><img loading=\"lazy\" decoding=\"async\" width=\"600\" height=\"600\" src=\"https:\/\/oesteserviciossociales.com\/wp-content\/uploads\/2018\/11\/10.jpg\" class=\"attachment-us_600_600_crop size-us_600_600_crop\" alt=\"\" srcset=\"https:\/\/oesteserviciossociales.com\/wp-content\/uploads\/2018\/11\/10.jpg 600w, https:\/\/oesteserviciossociales.com\/wp-content\/uploads\/2018\/11\/10-150x150.jpg 150w, https:\/\/oesteserviciossociales.com\/wp-content\/uploads\/2018\/11\/10-300x300.jpg 300w, https:\/\/oesteserviciossociales.com\/wp-content\/uploads\/2018\/11\/10-350x350.jpg 350w\" sizes=\"(max-width: 600px) 100vw, 600px\" \/><\/div><\/div><\/div><\/div><\/div><div class=\"vc_col-sm-4 wpb_column vc_column_container\"><div class=\"vc_column-inner\"><div class=\"wpb_wrapper\"><div class=\"w-image align_none\"><div class=\"w-image-h\"><img loading=\"lazy\" decoding=\"async\" width=\"600\" height=\"600\" src=\"https:\/\/oesteserviciossociales.com\/wp-content\/uploads\/2018\/11\/2.jpg\" class=\"attachment-us_600_600_crop size-us_600_600_crop\" alt=\"\" srcset=\"https:\/\/oesteserviciossociales.com\/wp-content\/uploads\/2018\/11\/2.jpg 600w, https:\/\/oesteserviciossociales.com\/wp-content\/uploads\/2018\/11\/2-150x150.jpg 150w, https:\/\/oesteserviciossociales.com\/wp-content\/uploads\/2018\/11\/2-300x300.jpg 300w, https:\/\/oesteserviciossociales.com\/wp-content\/uploads\/2018\/11\/2-350x350.jpg 350w\" sizes=\"(max-width: 600px) 100vw, 600px\" \/><\/div><\/div><div class=\"w-image align_none\"><div class=\"w-image-h\"><img loading=\"lazy\" decoding=\"async\" width=\"600\" height=\"600\" src=\"https:\/\/oesteserviciossociales.com\/wp-content\/uploads\/2018\/11\/5.jpg\" class=\"attachment-us_600_600_crop size-us_600_600_crop\" alt=\"\" srcset=\"https:\/\/oesteserviciossociales.com\/wp-content\/uploads\/2018\/11\/5.jpg 600w, https:\/\/oesteserviciossociales.com\/wp-content\/uploads\/2018\/11\/5-150x150.jpg 150w, https:\/\/oesteserviciossociales.com\/wp-content\/uploads\/2018\/11\/5-300x300.jpg 300w, https:\/\/oesteserviciossociales.com\/wp-content\/uploads\/2018\/11\/5-350x350.jpg 350w\" sizes=\"(max-width: 600px) 100vw, 600px\" \/><\/div><\/div><div class=\"w-image align_none\"><div class=\"w-image-h\"><img loading=\"lazy\" decoding=\"async\" width=\"600\" height=\"600\" src=\"https:\/\/oesteserviciossociales.com\/wp-content\/uploads\/2018\/11\/8.jpg\" class=\"attachment-us_600_600_crop size-us_600_600_crop\" alt=\"\" srcset=\"https:\/\/oesteserviciossociales.com\/wp-content\/uploads\/2018\/11\/8.jpg 600w, https:\/\/oesteserviciossociales.com\/wp-content\/uploads\/2018\/11\/8-150x150.jpg 150w, https:\/\/oesteserviciossociales.com\/wp-content\/uploads\/2018\/11\/8-300x300.jpg 300w, https:\/\/oesteserviciossociales.com\/wp-content\/uploads\/2018\/11\/8-350x350.jpg 350w\" sizes=\"(max-width: 600px) 100vw, 600px\" \/><\/div><\/div><div class=\"w-image align_none\"><div class=\"w-image-h\"><img loading=\"lazy\" decoding=\"async\" width=\"600\" height=\"600\" src=\"https:\/\/oesteserviciossociales.com\/wp-content\/uploads\/2018\/11\/11.jpg\" class=\"attachment-us_600_600_crop size-us_600_600_crop\" alt=\"\" srcset=\"https:\/\/oesteserviciossociales.com\/wp-content\/uploads\/2018\/11\/11.jpg 600w, https:\/\/oesteserviciossociales.com\/wp-content\/uploads\/2018\/11\/11-150x150.jpg 150w, https:\/\/oesteserviciossociales.com\/wp-content\/uploads\/2018\/11\/11-300x300.jpg 300w, https:\/\/oesteserviciossociales.com\/wp-content\/uploads\/2018\/11\/11-350x350.jpg 350w\" sizes=\"(max-width: 600px) 100vw, 600px\" \/><\/div><\/div><\/div><\/div><\/div><div class=\"vc_col-sm-4 wpb_column vc_column_container\"><div class=\"vc_column-inner\"><div class=\"wpb_wrapper\"><div class=\"w-image align_none\"><div class=\"w-image-h\"><img loading=\"lazy\" decoding=\"async\" width=\"600\" height=\"600\" src=\"https:\/\/oesteserviciossociales.com\/wp-content\/uploads\/2018\/11\/3.jpg\" class=\"attachment-us_600_600_crop size-us_600_600_crop\" alt=\"\" srcset=\"https:\/\/oesteserviciossociales.com\/wp-content\/uploads\/2018\/11\/3.jpg 600w, https:\/\/oesteserviciossociales.com\/wp-content\/uploads\/2018\/11\/3-150x150.jpg 150w, https:\/\/oesteserviciossociales.com\/wp-content\/uploads\/2018\/11\/3-300x300.jpg 300w, https:\/\/oesteserviciossociales.com\/wp-content\/uploads\/2018\/11\/3-350x350.jpg 350w\" sizes=\"(max-width: 600px) 100vw, 600px\" \/><\/div><\/div><div class=\"w-image align_none\"><div class=\"w-image-h\"><img loading=\"lazy\" decoding=\"async\" width=\"600\" height=\"600\" src=\"https:\/\/oesteserviciossociales.com\/wp-content\/uploads\/2018\/11\/6.jpg\" class=\"attachment-us_600_600_crop size-us_600_600_crop\" alt=\"\" srcset=\"https:\/\/oesteserviciossociales.com\/wp-content\/uploads\/2018\/11\/6.jpg 600w, https:\/\/oesteserviciossociales.com\/wp-content\/uploads\/2018\/11\/6-150x150.jpg 150w, https:\/\/oesteserviciossociales.com\/wp-content\/uploads\/2018\/11\/6-300x300.jpg 300w, https:\/\/oesteserviciossociales.com\/wp-content\/uploads\/2018\/11\/6-350x350.jpg 350w\" sizes=\"(max-width: 600px) 100vw, 600px\" \/><\/div><\/div><div class=\"w-image align_none\"><div class=\"w-image-h\"><img loading=\"lazy\" decoding=\"async\" width=\"600\" height=\"600\" src=\"https:\/\/oesteserviciossociales.com\/wp-content\/uploads\/2018\/11\/9.jpg\" class=\"attachment-us_600_600_crop size-us_600_600_crop\" alt=\"\" srcset=\"https:\/\/oesteserviciossociales.com\/wp-content\/uploads\/2018\/11\/9.jpg 600w, https:\/\/oesteserviciossociales.com\/wp-content\/uploads\/2018\/11\/9-150x150.jpg 150w, https:\/\/oesteserviciossociales.com\/wp-content\/uploads\/2018\/11\/9-300x300.jpg 300w, https:\/\/oesteserviciossociales.com\/wp-content\/uploads\/2018\/11\/9-350x350.jpg 350w\" sizes=\"(max-width: 600px) 100vw, 600px\" \/><\/div><\/div><div class=\"w-image align_none\"><div class=\"w-image-h\"><img loading=\"lazy\" decoding=\"async\" width=\"600\" height=\"600\" src=\"https:\/\/oesteserviciossociales.com\/wp-content\/uploads\/2018\/11\/12.jpg\" class=\"attachment-us_600_600_crop size-us_600_600_crop\" alt=\"\" srcset=\"https:\/\/oesteserviciossociales.com\/wp-content\/uploads\/2018\/11\/12.jpg 600w, https:\/\/oesteserviciossociales.com\/wp-content\/uploads\/2018\/11\/12-150x150.jpg 150w, https:\/\/oesteserviciossociales.com\/wp-content\/uploads\/2018\/11\/12-300x300.jpg 300w, https:\/\/oesteserviciossociales.com\/wp-content\/uploads\/2018\/11\/12-350x350.jpg 350w\" sizes=\"(max-width: 600px) 100vw, 600px\" \/><\/div><\/div><\/div><\/div><\/div><\/div><\/div><\/section>\n","protected":false},"excerpt":{"rendered":"Mamograf\u00edas Otopantomograf\u00edas Ecograf\u00edas Eco Doppler Laboratorio de An\u00e1lisis Paquimetr\u00edas Colonoscopias Colposcopias Videocolposcopias Radiograf\u00edas Ecometr\u00edas Electrocardiogramas Ecocardiogramas Ecocardiograma Doppler Holter Mapa Espirometr\u00edas Audiometr\u00edas Logoaudiometr\u00edas Acufanologoaudiometr\u00edas Otoemisiones Ac\u00fasticas","protected":false},"author":1,"featured_media":0,"parent":0,"menu_order":0,"comment_status":"closed","ping_status":"closed","template":"","meta":{"footnotes":""},"yoast_head":"<!-- This site is optimized with the Yoast SEO plugin v22.2 - https:\/\/yoast.com\/wordpress\/plugins\/seo\/ -->\n<title>Estudios - Oeste Servicios Sociales<\/title>\n<meta name=\"robots\" content=\"index, follow, max-snippet:-1, max-image-preview:large, max-video-preview:-1\" \/>\n<link rel=\"canonical\" href=\"https:\/\/oesteserviciossociales.com\/?page_id=6889\" \/>\n<meta property=\"og:locale\" content=\"es_ES\" \/>\n<meta property=\"og:type\" content=\"article\" \/>\n<meta property=\"og:title\" content=\"Estudios - Oeste Servicios Sociales\" \/>\n<meta property=\"og:url\" content=\"https:\/\/oesteserviciossociales.com\/?page_id=6889\" \/>\n<meta property=\"og:site_name\" content=\"Oeste Servicios Sociales\" \/>\n<meta property=\"article:modified_time\" content=\"2019-07-03T17:16:15+00:00\" \/>\n<meta name=\"twitter:card\" content=\"summary_large_image\" \/>\n<meta name=\"twitter:label1\" content=\"Tiempo de lectura\" \/>\n\t<meta name=\"twitter:data1\" content=\"1 minuto\" \/>\n<script type=\"application\/ld+json\" class=\"yoast-schema-graph\">{\"@context\":\"https:\/\/schema.org\",\"@graph\":[{\"@type\":\"WebPage\",\"@id\":\"https:\/\/oesteserviciossociales.com\/?page_id=6889\",\"url\":\"https:\/\/oesteserviciossociales.com\/?page_id=6889\",\"name\":\"Estudios - Oeste Servicios Sociales\",\"isPartOf\":{\"@id\":\"https:\/\/oesteserviciossociales.com\/#website\"},\"datePublished\":\"2018-10-19T17:54:45+00:00\",\"dateModified\":\"2019-07-03T17:16:15+00:00\",\"breadcrumb\":{\"@id\":\"https:\/\/oesteserviciossociales.com\/?page_id=6889#breadcrumb\"},\"inLanguage\":\"es\",\"potentialAction\":[{\"@type\":\"ReadAction\",\"target\":[\"https:\/\/oesteserviciossociales.com\/?page_id=6889\"]}]},{\"@type\":\"BreadcrumbList\",\"@id\":\"https:\/\/oesteserviciossociales.com\/?page_id=6889#breadcrumb\",\"itemListElement\":[{\"@type\":\"ListItem\",\"position\":1,\"name\":\"Portada\",\"item\":\"https:\/\/oesteserviciossociales.com\/\"},{\"@type\":\"ListItem\",\"position\":2,\"name\":\"Estudios\"}]},{\"@type\":\"WebSite\",\"@id\":\"https:\/\/oesteserviciossociales.com\/#website\",\"url\":\"https:\/\/oesteserviciossociales.com\/\",\"name\":\"Oeste Servicios Sociales\",\"description\":\"La Orientaci\u00f3n Exacta\",\"potentialAction\":[{\"@type\":\"SearchAction\",\"target\":{\"@type\":\"EntryPoint\",\"urlTemplate\":\"https:\/\/oesteserviciossociales.com\/?s={search_term_string}\"},\"query-input\":\"required name=search_term_string\"}],\"inLanguage\":\"es\"}]}<\/script>\n<!-- \/ Yoast SEO plugin. -->","yoast_head_json":{"title":"Estudios - Oeste Servicios Sociales","robots":{"index":"index","follow":"follow","max-snippet":"max-snippet:-1","max-image-preview":"max-image-preview:large","max-video-preview":"max-video-preview:-1"},"canonical":"https:\/\/oesteserviciossociales.com\/?page_id=6889","og_locale":"es_ES","og_type":"article","og_title":"Estudios - Oeste Servicios Sociales","og_url":"https:\/\/oesteserviciossociales.com\/?page_id=6889","og_site_name":"Oeste Servicios Sociales","article_modified_time":"2019-07-03T17:16:15+00:00","twitter_card":"summary_large_image","twitter_misc":{"Tiempo de lectura":"1 minuto"},"schema":{"@context":"https:\/\/schema.org","@graph":[{"@type":"WebPage","@id":"https:\/\/oesteserviciossociales.com\/?page_id=6889","url":"https:\/\/oesteserviciossociales.com\/?page_id=6889","name":"Estudios - Oeste Servicios Sociales","isPartOf":{"@id":"https:\/\/oesteserviciossociales.com\/#website"},"datePublished":"2018-10-19T17:54:45+00:00","dateModified":"2019-07-03T17:16:15+00:00","breadcrumb":{"@id":"https:\/\/oesteserviciossociales.com\/?page_id=6889#breadcrumb"},"inLanguage":"es","potentialAction":[{"@type":"ReadAction","target":["https:\/\/oesteserviciossociales.com\/?page_id=6889"]}]},{"@type":"BreadcrumbList","@id":"https:\/\/oesteserviciossociales.com\/?page_id=6889#breadcrumb","itemListElement":[{"@type":"ListItem","position":1,"name":"Portada","item":"https:\/\/oesteserviciossociales.com\/"},{"@type":"ListItem","position":2,"name":"Estudios"}]},{"@type":"WebSite","@id":"https:\/\/oesteserviciossociales.com\/#website","url":"https:\/\/oesteserviciossociales.com\/","name":"Oeste Servicios Sociales","description":"La Orientaci\u00f3n Exacta","potentialAction":[{"@type":"SearchAction","target":{"@type":"EntryPoint","urlTemplate":"https:\/\/oesteserviciossociales.com\/?s={search_term_string}"},"query-input":"required name=search_term_string"}],"inLanguage":"es"}]}},"_links":{"self":[{"href":"https:\/\/oesteserviciossociales.com\/index.php?rest_route=\/wp\/v2\/pages\/6889"}],"collection":[{"href":"https:\/\/oesteserviciossociales.com\/index.php?rest_route=\/wp\/v2\/pages"}],"about":[{"href":"https:\/\/oesteserviciossociales.com\/index.php?rest_route=\/wp\/v2\/types\/page"}],"author":[{"embeddable":true,"href":"https:\/\/oesteserviciossociales.com\/index.php?rest_route=\/wp\/v2\/users\/1"}],"replies":[{"embeddable":true,"href":"https:\/\/oesteserviciossociales.com\/index.php?rest_route=%2Fwp%2Fv2%2Fcomments&post=6889"}],"version-history":[{"count":8,"href":"https:\/\/oesteserviciossociales.com\/index.php?rest_route=\/wp\/v2\/pages\/6889\/revisions"}],"predecessor-version":[{"id":7077,"href":"https:\/\/oesteserviciossociales.com\/index.php?rest_route=\/wp\/v2\/pages\/6889\/revisions\/7077"}],"wp:attachment":[{"href":"https:\/\/oesteserviciossociales.com\/index.php?rest_route=%2Fwp%2Fv2%2Fmedia&parent=6889"}],"curies":[{"name":"wp","href":"https:\/\/api.w.org\/{rel}","templated":true}]}}