{"id":6766,"date":"2018-09-13T18:01:27","date_gmt":"2018-09-13T18:01:27","guid":{"rendered":"https:\/\/oesteserviciossociales.com\/?page_id=6766"},"modified":"2020-01-13T14:59:19","modified_gmt":"2020-01-13T14:59:19","slug":"novedades-cardiss","status":"publish","type":"page","link":"https:\/\/oesteserviciossociales.com\/?page_id=6766","title":{"rendered":"Novedades Cardiss"},"content":{"rendered":"<section class=\"l-section wpb_row height_auto width_full color_alternate\"><div class=\"l-section-h i-cf\"><div class=\"g-cols vc_row type_default valign_top\"><div class=\"vc_col-sm-12 wpb_column vc_column_container\"><div class=\"vc_column-inner\"><div class=\"wpb_wrapper\"><div class=\"w-grid us_custom_f4e98152 type_masonry layout_blog_cards cols_5 overflow_hidden with_isotope\" id=\"us_grid_1\" data-filterable=\"true\"><style id=\"us_grid_1_css\">#us_grid_1 .w-grid-item{padding:5px}#us_grid_1 .w-grid-list{margin:-5px -5px 5px}.w-grid + #us_grid_1 .w-grid-list{margin-top:5px}@media (max-width:1199px){#us_grid_1 .w-grid-item{width:33.3333%}}@media (max-width:899px){#us_grid_1 .w-grid-item{width:50.0000%}}@media (max-width:599px){#us_grid_1 .w-grid-list{margin:0}#us_grid_1 .w-grid-item{width:100.0000%;padding:0;margin-bottom:5px}}<\/style><style>.layout_blog_cards .w-grid-item-h{background:#ffffff;color:#333333;border-radius:0.3rem;z-index:3;box-shadow:0 0.03rem 0.06rem rgba(0,0,0,0.1),0 0.10rem 0.30rem rgba(0,0,0,0.1);transition-duration:0.3s}.no-touch .layout_blog_cards .w-grid-item-h:hover{box-shadow:0 0.10rem 0.20rem rgba(0,0,0,0.1),0 0.33rem 1.00rem rgba(0,0,0,0.15);z-index:4}.layout_blog_cards .usg_post_title_1{font-size:1.4rem!important;font-weight:700!important}.layout_blog_cards .usg_vwrapper_1{padding:9% 11% 11% 11%!important}.layout_blog_cards .usg_post_taxonomy_1{font-weight:700!important;text-transform:uppercase!important;font-size:10px!important;position:absolute!important;top:1.2rem!important;right:1.2rem!important;left:1.2rem!important}.layout_blog_cards .usg_hwrapper_1{color:#999999!important;font-size:0.9rem!important}@media (max-width:599px){.layout_blog_cards .usg_post_title_1{font-size:1.2rem!important}}<\/style><div class=\"w-grid-list\" >\t<article class=\"w-grid-item size_1x1 post-7012 post type-post status-publish format-standard has-post-thumbnail hentry category-cardiss\" data-id=\"7012\">\r\n\t\t<div class=\"w-grid-item-h\">\r\n\t\t\t\t\t\t<div class=\"w-post-elm post_image usg_post_image_1 stretched\"><a href=\"https:\/\/oesteserviciossociales.com\/?p=7012\" aria-label=\"Cardiss volvi\u00f3 al Autodromo para cubrir el Super TC2000\"><img loading=\"lazy\" decoding=\"async\" width=\"1024\" height=\"1024\" src=\"https:\/\/oesteserviciossociales.com\/wp-content\/uploads\/2019\/06\/Sin-t\u00edtulo-1-1024x1024.jpg\" class=\"attachment-large size-large wp-post-image\" alt=\"\" srcset=\"https:\/\/oesteserviciossociales.com\/wp-content\/uploads\/2019\/06\/Sin-t\u00edtulo-1-1024x1024.jpg 1024w, https:\/\/oesteserviciossociales.com\/wp-content\/uploads\/2019\/06\/Sin-t\u00edtulo-1-150x150.jpg 150w, https:\/\/oesteserviciossociales.com\/wp-content\/uploads\/2019\/06\/Sin-t\u00edtulo-1-300x300.jpg 300w, https:\/\/oesteserviciossociales.com\/wp-content\/uploads\/2019\/06\/Sin-t\u00edtulo-1-350x350.jpg 350w, https:\/\/oesteserviciossociales.com\/wp-content\/uploads\/2019\/06\/Sin-t\u00edtulo-1-600x600.jpg 600w, https:\/\/oesteserviciossociales.com\/wp-content\/uploads\/2019\/06\/Sin-t\u00edtulo-1.jpg 1080w\" sizes=\"(max-width: 1024px) 100vw, 1024px\" \/><\/a><\/div><div class=\"w-post-elm post_taxonomy usg_post_taxonomy_1 style_badge color_link_inherit\"><a class=\"w-btn us-btn-style_badge\" href=\"https:\/\/oesteserviciossociales.com\/?cat=36\"><span class=\"w-btn-label\">Cardiss<\/span><\/a><\/div><div class=\"w-vwrapper usg_vwrapper_1 align_left valign_top\"><h2 class=\"w-post-elm post_title usg_post_title_1 entry-title color_link_inherit\"><a href=\"https:\/\/oesteserviciossociales.com\/?p=7012\">Cardiss volvi\u00f3 al Autodromo para cubrir el Super TC2000<\/a><\/h2><div class=\"w-hwrapper usg_hwrapper_1 align_left valign_top wrap\"><time class=\"w-post-elm post_date usg_post_date_1 entry-date published\" datetime=\"2019-06-10T13:13:25+00:00\" title=\"10 junio 2019 a las 13:13:25 +00:00\">10 Jun 2019<\/time><div class=\"w-post-elm post_comments usg_post_comments_1 layout_amount color_link_inherit\"><i class=\"far fa-comments\"><\/i><a class=\"smooth-scroll\" href=\"https:\/\/oesteserviciossociales.com\/?p=7012#respond\">0<\/a><\/div><\/div><div class=\"w-post-elm post_content usg_post_content_1\">Se llev\u00f3 a cabo una nueva carrera del Super TC2000 en el Autodromo Juan Manuel Fangio y Cardiss realiz\u00f3 la&hellip;<\/div><\/div>\t\t<\/div>\r\n\t<\/article>\r\n\t<article class=\"w-grid-item size_1x1 post-7008 post type-post status-publish format-standard has-post-thumbnail hentry category-cardiss\" data-id=\"7008\">\r\n\t\t<div class=\"w-grid-item-h\">\r\n\t\t\t\t\t\t<div class=\"w-post-elm post_image usg_post_image_1 stretched\"><a href=\"https:\/\/oesteserviciossociales.com\/?p=7008\" aria-label=\"Cardiss cubri\u00f3 todas las jornadas del Turismo Carretera\"><img loading=\"lazy\" decoding=\"async\" width=\"1024\" height=\"1024\" src=\"https:\/\/oesteserviciossociales.com\/wp-content\/uploads\/2019\/05\/3-1024x1024.jpg\" class=\"attachment-large size-large wp-post-image\" alt=\"\" srcset=\"https:\/\/oesteserviciossociales.com\/wp-content\/uploads\/2019\/05\/3-1024x1024.jpg 1024w, https:\/\/oesteserviciossociales.com\/wp-content\/uploads\/2019\/05\/3-150x150.jpg 150w, https:\/\/oesteserviciossociales.com\/wp-content\/uploads\/2019\/05\/3-300x300.jpg 300w, https:\/\/oesteserviciossociales.com\/wp-content\/uploads\/2019\/05\/3-350x350.jpg 350w, https:\/\/oesteserviciossociales.com\/wp-content\/uploads\/2019\/05\/3-600x600.jpg 600w, https:\/\/oesteserviciossociales.com\/wp-content\/uploads\/2019\/05\/3.jpg 1080w\" sizes=\"(max-width: 1024px) 100vw, 1024px\" \/><\/a><\/div><div class=\"w-post-elm post_taxonomy usg_post_taxonomy_1 style_badge color_link_inherit\"><a class=\"w-btn us-btn-style_badge\" href=\"https:\/\/oesteserviciossociales.com\/?cat=36\"><span class=\"w-btn-label\">Cardiss<\/span><\/a><\/div><div class=\"w-vwrapper usg_vwrapper_1 align_left valign_top\"><h2 class=\"w-post-elm post_title usg_post_title_1 entry-title color_link_inherit\"><a href=\"https:\/\/oesteserviciossociales.com\/?p=7008\">Cardiss cubri\u00f3 todas las jornadas del Turismo Carretera<\/a><\/h2><div class=\"w-hwrapper usg_hwrapper_1 align_left valign_top wrap\"><time class=\"w-post-elm post_date usg_post_date_1 entry-date published\" datetime=\"2019-05-06T12:47:27+00:00\" title=\"6 mayo 2019 a las 12:47:27 +00:00\">6 May 2019<\/time><div class=\"w-post-elm post_comments usg_post_comments_1 layout_amount color_link_inherit\"><i class=\"far fa-comments\"><\/i><a class=\"smooth-scroll\" href=\"https:\/\/oesteserviciossociales.com\/?p=7008#respond\">0<\/a><\/div><\/div><div class=\"w-post-elm post_content usg_post_content_1\">Cardiss estuvo presente en cada d\u00eda de pruebas y la carrera del domingo. Se escribi\u00f3 una nueva p\u00e1gina en la&hellip;<\/div><\/div>\t\t<\/div>\r\n\t<\/article>\r\n\t<article class=\"w-grid-item size_1x1 post-6768 post type-post status-publish format-standard has-post-thumbnail hentry category-cardiss\" data-id=\"6768\">\r\n\t\t<div class=\"w-grid-item-h\">\r\n\t\t\t\t\t\t<div class=\"w-post-elm post_image usg_post_image_1 stretched\"><a href=\"https:\/\/oesteserviciossociales.com\/?p=6768\" aria-label=\"Cardiss estar\u00e1 a cargo de la cobertura del evento de Turismo Nacional en Rosario\"><img loading=\"lazy\" decoding=\"async\" width=\"1024\" height=\"1024\" src=\"https:\/\/oesteserviciossociales.com\/wp-content\/uploads\/2018\/09\/6-1024x1024.jpg\" class=\"attachment-large size-large wp-post-image\" alt=\"\" srcset=\"https:\/\/oesteserviciossociales.com\/wp-content\/uploads\/2018\/09\/6-1024x1024.jpg 1024w, https:\/\/oesteserviciossociales.com\/wp-content\/uploads\/2018\/09\/6-150x150.jpg 150w, https:\/\/oesteserviciossociales.com\/wp-content\/uploads\/2018\/09\/6-300x300.jpg 300w, https:\/\/oesteserviciossociales.com\/wp-content\/uploads\/2018\/09\/6-350x350.jpg 350w, https:\/\/oesteserviciossociales.com\/wp-content\/uploads\/2018\/09\/6-600x600.jpg 600w, https:\/\/oesteserviciossociales.com\/wp-content\/uploads\/2018\/09\/6.jpg 1080w\" sizes=\"(max-width: 1024px) 100vw, 1024px\" \/><\/a><\/div><div class=\"w-post-elm post_taxonomy usg_post_taxonomy_1 style_badge color_link_inherit\"><a class=\"w-btn us-btn-style_badge\" href=\"https:\/\/oesteserviciossociales.com\/?cat=36\"><span class=\"w-btn-label\">Cardiss<\/span><\/a><\/div><div class=\"w-vwrapper usg_vwrapper_1 align_left valign_top\"><h2 class=\"w-post-elm post_title usg_post_title_1 entry-title color_link_inherit\"><a href=\"https:\/\/oesteserviciossociales.com\/?p=6768\">Cardiss estar\u00e1 a cargo de la cobertura del evento de Turismo Nacional en Rosario<\/a><\/h2><div class=\"w-hwrapper usg_hwrapper_1 align_left valign_top wrap\"><time class=\"w-post-elm post_date usg_post_date_1 entry-date published\" datetime=\"2018-09-13T18:00:53+00:00\" title=\"13 septiembre 2018 a las 18:00:53 +00:00\">13 Sep 2018<\/time><div class=\"w-post-elm post_comments usg_post_comments_1 layout_amount color_link_inherit\"><i class=\"far fa-comments\"><\/i><a class=\"smooth-scroll\" href=\"https:\/\/oesteserviciossociales.com\/?p=6768#respond\">0<\/a><\/div><\/div><div class=\"w-post-elm post_content usg_post_content_1\">En un almuerzo de trabajo muy ameno con las autoridades del Aut\u00f3dromo Municipal de Rosario cerramos un importante acuerdo para&hellip;<\/div><\/div>\t\t<\/div>\r\n\t<\/article>\r\n<\/div><div class=\"w-grid-preloader\"><div class=\"g-preloader type_1\">\r\n\t<div><\/div>\r\n<\/div>\r\n<\/div>\t<div class=\"w-grid-json hidden\" onclick='return {&quot;action&quot;:&quot;us_ajax_grid&quot;,&quot;ajax_url&quot;:&quot;https:\\\/\\\/oesteserviciossociales.com\\\/wp-admin\\\/admin-ajax.php&quot;,&quot;infinite_scroll&quot;:0,&quot;max_num_pages&quot;:1,&quot;pagination&quot;:&quot;infinite&quot;,&quot;permalink_url&quot;:&quot;https:\\\/\\\/oesteserviciossociales.com&quot;,&quot;template_vars&quot;:{&quot;columns&quot;:&quot;5&quot;,&quot;exclude_items&quot;:&quot;none&quot;,&quot;img_size&quot;:&quot;default&quot;,&quot;ignore_items_size&quot;:false,&quot;items_layout&quot;:&quot;blog_cards&quot;,&quot;items_offset&quot;:&quot;1&quot;,&quot;load_animation&quot;:&quot;none&quot;,&quot;overriding_link&quot;:&quot;none&quot;,&quot;post_id&quot;:6766,&quot;query_args&quot;:{&quot;post_type&quot;:[&quot;post&quot;],&quot;tax_query&quot;:[{&quot;taxonomy&quot;:&quot;category&quot;,&quot;field&quot;:&quot;slug&quot;,&quot;terms&quot;:[&quot;cardiss&quot;]}],&quot;post_status&quot;:[&quot;publish&quot;],&quot;posts_per_page&quot;:&quot;5&quot;},&quot;orderby_query_args&quot;:{&quot;orderby&quot;:{&quot;date&quot;:&quot;DESC&quot;}},&quot;type&quot;:&quot;masonry&quot;,&quot;us_grid_ajax_index&quot;:1,&quot;us_grid_filter_params&quot;:null,&quot;us_grid_index&quot;:1,&quot;_us_grid_post_type&quot;:&quot;post&quot;}}'><\/div>\r\n\t<\/div><\/div><\/div><\/div><\/div><\/div><\/section>\n","protected":false},"excerpt":{"rendered":"En un almuerzo de trabajo muy ameno con las autoridades del Aut\u00f3dromo Municipal de Rosario cerramos un importante acuerdo para Cardiss quien se sigue posicionando en el mercado Rosarino! La cobertura total del evento de Turismo Nacional desde el mi\u00e9rcoles al domingo inclusive, estar\u00e1 a cargo absoluto de nuestra empresa de emergencias! \ud83d\udcaa\ud83c\udffc&nbsp;Cardiss Vamos por...","protected":false},"author":1,"featured_media":0,"parent":0,"menu_order":0,"comment_status":"closed","ping_status":"closed","template":"","meta":{"footnotes":""},"yoast_head":"<!-- This site is optimized with the Yoast SEO plugin v22.2 - https:\/\/yoast.com\/wordpress\/plugins\/seo\/ -->\n<title>Novedades Cardiss - Oeste Servicios Sociales<\/title>\n<meta name=\"robots\" content=\"index, follow, max-snippet:-1, max-image-preview:large, max-video-preview:-1\" \/>\n<link rel=\"canonical\" href=\"https:\/\/oesteserviciossociales.com\/?page_id=6766\" \/>\n<meta property=\"og:locale\" content=\"es_ES\" \/>\n<meta property=\"og:type\" content=\"article\" \/>\n<meta property=\"og:title\" content=\"Novedades Cardiss - Oeste Servicios Sociales\" \/>\n<meta property=\"og:url\" content=\"https:\/\/oesteserviciossociales.com\/?page_id=6766\" \/>\n<meta property=\"og:site_name\" content=\"Oeste Servicios Sociales\" \/>\n<meta property=\"article:modified_time\" content=\"2020-01-13T14:59:19+00:00\" \/>\n<meta name=\"twitter:card\" content=\"summary_large_image\" \/>\n<script type=\"application\/ld+json\" class=\"yoast-schema-graph\">{\"@context\":\"https:\/\/schema.org\",\"@graph\":[{\"@type\":\"WebPage\",\"@id\":\"https:\/\/oesteserviciossociales.com\/?page_id=6766\",\"url\":\"https:\/\/oesteserviciossociales.com\/?page_id=6766\",\"name\":\"Novedades Cardiss - Oeste Servicios Sociales\",\"isPartOf\":{\"@id\":\"https:\/\/oesteserviciossociales.com\/#website\"},\"datePublished\":\"2018-09-13T18:01:27+00:00\",\"dateModified\":\"2020-01-13T14:59:19+00:00\",\"breadcrumb\":{\"@id\":\"https:\/\/oesteserviciossociales.com\/?page_id=6766#breadcrumb\"},\"inLanguage\":\"es\",\"potentialAction\":[{\"@type\":\"ReadAction\",\"target\":[\"https:\/\/oesteserviciossociales.com\/?page_id=6766\"]}]},{\"@type\":\"BreadcrumbList\",\"@id\":\"https:\/\/oesteserviciossociales.com\/?page_id=6766#breadcrumb\",\"itemListElement\":[{\"@type\":\"ListItem\",\"position\":1,\"name\":\"Portada\",\"item\":\"https:\/\/oesteserviciossociales.com\/\"},{\"@type\":\"ListItem\",\"position\":2,\"name\":\"Novedades Cardiss\"}]},{\"@type\":\"WebSite\",\"@id\":\"https:\/\/oesteserviciossociales.com\/#website\",\"url\":\"https:\/\/oesteserviciossociales.com\/\",\"name\":\"Oeste Servicios Sociales\",\"description\":\"La Orientaci\u00f3n Exacta\",\"potentialAction\":[{\"@type\":\"SearchAction\",\"target\":{\"@type\":\"EntryPoint\",\"urlTemplate\":\"https:\/\/oesteserviciossociales.com\/?s={search_term_string}\"},\"query-input\":\"required name=search_term_string\"}],\"inLanguage\":\"es\"}]}<\/script>\n<!-- \/ Yoast SEO plugin. -->","yoast_head_json":{"title":"Novedades Cardiss - Oeste Servicios Sociales","robots":{"index":"index","follow":"follow","max-snippet":"max-snippet:-1","max-image-preview":"max-image-preview:large","max-video-preview":"max-video-preview:-1"},"canonical":"https:\/\/oesteserviciossociales.com\/?page_id=6766","og_locale":"es_ES","og_type":"article","og_title":"Novedades Cardiss - Oeste Servicios Sociales","og_url":"https:\/\/oesteserviciossociales.com\/?page_id=6766","og_site_name":"Oeste Servicios Sociales","article_modified_time":"2020-01-13T14:59:19+00:00","twitter_card":"summary_large_image","schema":{"@context":"https:\/\/schema.org","@graph":[{"@type":"WebPage","@id":"https:\/\/oesteserviciossociales.com\/?page_id=6766","url":"https:\/\/oesteserviciossociales.com\/?page_id=6766","name":"Novedades Cardiss - Oeste Servicios Sociales","isPartOf":{"@id":"https:\/\/oesteserviciossociales.com\/#website"},"datePublished":"2018-09-13T18:01:27+00:00","dateModified":"2020-01-13T14:59:19+00:00","breadcrumb":{"@id":"https:\/\/oesteserviciossociales.com\/?page_id=6766#breadcrumb"},"inLanguage":"es","potentialAction":[{"@type":"ReadAction","target":["https:\/\/oesteserviciossociales.com\/?page_id=6766"]}]},{"@type":"BreadcrumbList","@id":"https:\/\/oesteserviciossociales.com\/?page_id=6766#breadcrumb","itemListElement":[{"@type":"ListItem","position":1,"name":"Portada","item":"https:\/\/oesteserviciossociales.com\/"},{"@type":"ListItem","position":2,"name":"Novedades Cardiss"}]},{"@type":"WebSite","@id":"https:\/\/oesteserviciossociales.com\/#website","url":"https:\/\/oesteserviciossociales.com\/","name":"Oeste Servicios Sociales","description":"La Orientaci\u00f3n Exacta","potentialAction":[{"@type":"SearchAction","target":{"@type":"EntryPoint","urlTemplate":"https:\/\/oesteserviciossociales.com\/?s={search_term_string}"},"query-input":"required name=search_term_string"}],"inLanguage":"es"}]}},"_links":{"self":[{"href":"https:\/\/oesteserviciossociales.com\/index.php?rest_route=\/wp\/v2\/pages\/6766"}],"collection":[{"href":"https:\/\/oesteserviciossociales.com\/index.php?rest_route=\/wp\/v2\/pages"}],"about":[{"href":"https:\/\/oesteserviciossociales.com\/index.php?rest_route=\/wp\/v2\/types\/page"}],"author":[{"embeddable":true,"href":"https:\/\/oesteserviciossociales.com\/index.php?rest_route=\/wp\/v2\/users\/1"}],"replies":[{"embeddable":true,"href":"https:\/\/oesteserviciossociales.com\/index.php?rest_route=%2Fwp%2Fv2%2Fcomments&post=6766"}],"version-history":[{"count":4,"href":"https:\/\/oesteserviciossociales.com\/index.php?rest_route=\/wp\/v2\/pages\/6766\/revisions"}],"predecessor-version":[{"id":7304,"href":"https:\/\/oesteserviciossociales.com\/index.php?rest_route=\/wp\/v2\/pages\/6766\/revisions\/7304"}],"wp:attachment":[{"href":"https:\/\/oesteserviciossociales.com\/index.php?rest_route=%2Fwp%2Fv2%2Fmedia&parent=6766"}],"curies":[{"name":"wp","href":"https:\/\/api.w.org\/{rel}","templated":true}]}}