{"id":6746,"date":"2018-09-13T15:00:26","date_gmt":"2018-09-13T15:00:26","guid":{"rendered":"https:\/\/oesteserviciossociales.com\/?page_id=6746"},"modified":"2020-01-13T14:59:19","modified_gmt":"2020-01-13T14:59:19","slug":"zona-oeste-peru","status":"publish","type":"page","link":"https:\/\/oesteserviciossociales.com\/?page_id=6746","title":{"rendered":"Zona Oeste &#8211; Per\u00fa"},"content":{"rendered":"<section class=\"l-section wpb_row height_medium width_full color_custom\"><div class=\"l-section-h i-cf\"><div class=\"g-cols vc_row type_default valign_top\"><div class=\"vc_col-sm-12 wpb_column vc_column_container\"><div class=\"vc_column-inner\"><div class=\"wpb_wrapper\">[rev_slider_vc alias=\u00bbperu2&#8243;]<\/div><\/div><\/div><\/div><\/div><\/section><section class=\"l-section wpb_row height_medium\"><div class=\"l-section-h i-cf\"><div class=\"g-cols vc_row type_default valign_top\"><div class=\"vc_col-sm-12 wpb_column vc_column_container\"><div class=\"vc_column-inner\"><div class=\"wpb_wrapper\"><div class=\"wpb_text_column\" ><div class=\"wpb_wrapper\"><p style=\"text-align: center;\"><strong>Cocher\u00eda Oeste<\/strong> es una empresa de Oeste Servicios Sociales que est\u00e1 posicionada entre las mejores de Rosario y zona de influencia. Ofrecemos a nuestros clientes un servicio de excelencia, otorgando la calidez y contenci\u00f3n en momentos dif\u00edciles.<\/p>\n<p style=\"text-align: center;\"><span style=\"color: #000000;\"><strong>Servicio de Sepelio<br \/>\n<\/strong>Caracter\u00edsticas:<br \/>\n<\/span><span style=\"color: #000000;\">Personal Especializado tomar\u00e1 el servicio, guiar\u00e1 y\/o suplir\u00e1 a los asociados en los tr\u00e1mites a seguir.<br \/>\n<\/span><span style=\"color: #000000;\">C\u00f3modas Salas Velatorias Propias, con kichenette y dormitorio de descanso aisladas dentro de la misma sala, dos ba\u00f1os y un amplio estar climatizado para brindarle jerarqu\u00eda e intimidad, con capilla ardiente.<br \/>\n<\/span><span style=\"color: #000000;\">Personal en la sala velatoria a su disposici\u00f3n durante las 24 hs, asisitiendo en todo lo necesario durante la duraci\u00f3n del dicho servicio.<br \/>\n<\/span><span style=\"color: #000000;\">Disponemos de salas de Primer Nivel. Tres salas &#8211; bar &#8211; sala de recepci\u00f3n climatizada.<\/span><\/p>\n<div style=\"text-align: center;\"><strong>ATENDEMOS<\/strong><\/div>\n<div style=\"text-align: center;\"><strong>\u00a0&#8211; SOCIOS<\/strong><\/div>\n<div style=\"text-align: center;\"><strong>\u00a0&#8211; PARTICULARES<\/strong><\/div>\n<div style=\"text-align: center;\"><strong>\u00a0&#8211; OBRAS SOCIALES<\/strong><\/div>\n<\/div><\/div><\/div><\/div><\/div><\/div><\/div><\/section><section class=\"l-section wpb_row us_custom_623bf010 height_auto\"><div class=\"l-section-h i-cf\"><div class=\"g-cols vc_row type_default valign_top\"><div class=\"vc_col-sm-12 wpb_column vc_column_container align_center\"><div class=\"vc_column-inner\"><div class=\"wpb_wrapper\"><div class=\"w-image align_none\"><div class=\"w-image-h\"><img loading=\"lazy\" decoding=\"async\" width=\"1022\" height=\"127\" src=\"https:\/\/oesteserviciossociales.com\/wp-content\/uploads\/2018\/08\/complejos.jpg\" class=\"attachment-large size-large\" alt=\"\" srcset=\"https:\/\/oesteserviciossociales.com\/wp-content\/uploads\/2018\/08\/complejos.jpg 1022w, https:\/\/oesteserviciossociales.com\/wp-content\/uploads\/2018\/08\/complejos-300x37.jpg 300w, https:\/\/oesteserviciossociales.com\/wp-content\/uploads\/2018\/08\/complejos-600x75.jpg 600w\" sizes=\"(max-width: 1022px) 100vw, 1022px\" \/><\/div><\/div><div class=\"w-separator size_medium\"><\/div><\/div><\/div><\/div><\/div><\/div><\/section><section class=\"l-section wpb_row us_custom_623bf010 height_auto\"><div class=\"l-section-h i-cf\"><div class=\"g-cols vc_row type_default valign_top\"><div class=\"vc_col-sm-12 wpb_column vc_column_container align_center\"><div class=\"vc_column-inner\"><div class=\"wpb_wrapper\"><div class=\"w-separator size_medium\"><\/div><div class=\"w-image align_none\"><div class=\"w-image-h\"><img loading=\"lazy\" decoding=\"async\" width=\"1022\" height=\"127\" src=\"https:\/\/oesteserviciossociales.com\/wp-content\/uploads\/2018\/08\/vel1.jpg\" class=\"attachment-large size-large\" alt=\"\" srcset=\"https:\/\/oesteserviciossociales.com\/wp-content\/uploads\/2018\/08\/vel1.jpg 1022w, https:\/\/oesteserviciossociales.com\/wp-content\/uploads\/2018\/08\/vel1-300x37.jpg 300w, https:\/\/oesteserviciossociales.com\/wp-content\/uploads\/2018\/08\/vel1-600x75.jpg 600w\" sizes=\"(max-width: 1022px) 100vw, 1022px\" \/><\/div><\/div><\/div><\/div><\/div><\/div><\/div><\/section><section class=\"l-section wpb_row us_custom_623bf010 height_auto\"><div class=\"l-section-h i-cf\"><div class=\"g-cols vc_row type_default valign_top\"><div class=\"vc_col-sm-4 wpb_column vc_column_container align_center\"><div class=\"vc_column-inner\"><div class=\"wpb_wrapper\"><div class=\"w-image align_none\"><div class=\"w-image-h\"><img loading=\"lazy\" decoding=\"async\" width=\"332\" height=\"187\" src=\"https:\/\/oesteserviciossociales.com\/wp-content\/uploads\/2018\/08\/i1.jpg\" class=\"attachment-large size-large\" alt=\"\" srcset=\"https:\/\/oesteserviciossociales.com\/wp-content\/uploads\/2018\/08\/i1.jpg 332w, https:\/\/oesteserviciossociales.com\/wp-content\/uploads\/2018\/08\/i1-300x169.jpg 300w\" sizes=\"(max-width: 332px) 100vw, 332px\" \/><\/div><\/div><\/div><\/div><\/div><div class=\"vc_col-sm-4 wpb_column vc_column_container\"><div class=\"vc_column-inner\"><div class=\"wpb_wrapper\"><div class=\"w-image align_none\"><div class=\"w-image-h\"><img loading=\"lazy\" decoding=\"async\" width=\"333\" height=\"187\" src=\"https:\/\/oesteserviciossociales.com\/wp-content\/uploads\/2018\/08\/i2.jpg\" class=\"attachment-large size-large\" alt=\"\" srcset=\"https:\/\/oesteserviciossociales.com\/wp-content\/uploads\/2018\/08\/i2.jpg 333w, https:\/\/oesteserviciossociales.com\/wp-content\/uploads\/2018\/08\/i2-300x168.jpg 300w\" sizes=\"(max-width: 333px) 100vw, 333px\" \/><\/div><\/div><\/div><\/div><\/div><div class=\"vc_col-sm-4 wpb_column vc_column_container\"><div class=\"vc_column-inner\"><div class=\"wpb_wrapper\"><div class=\"w-image align_none\"><div class=\"w-image-h\"><img loading=\"lazy\" decoding=\"async\" width=\"333\" height=\"187\" src=\"https:\/\/oesteserviciossociales.com\/wp-content\/uploads\/2018\/08\/i3.jpg\" class=\"attachment-large size-large\" alt=\"\" srcset=\"https:\/\/oesteserviciossociales.com\/wp-content\/uploads\/2018\/08\/i3.jpg 333w, https:\/\/oesteserviciossociales.com\/wp-content\/uploads\/2018\/08\/i3-300x168.jpg 300w\" sizes=\"(max-width: 333px) 100vw, 333px\" \/><\/div><\/div><\/div><\/div><\/div><\/div><\/div><\/section><section class=\"l-section wpb_row us_custom_623bf010 height_auto\"><div class=\"l-section-h i-cf\"><div class=\"g-cols vc_row type_default valign_top\"><div class=\"vc_col-sm-3 wpb_column vc_column_container align_center\"><div class=\"vc_column-inner\"><div class=\"wpb_wrapper\"><div class=\"w-separator size_medium\"><\/div><div class=\"w-separator size_medium\"><\/div><div class=\"w-iconbox iconpos_top style_circle color_primary align_center\"><div class=\"w-iconbox-icon\"><i class=\"fas fa-users\"><\/i><\/div><div class=\"w-iconbox-meta\"><h4 class=\"w-iconbox-title\">Personal especializado<\/h4><div class=\"w-iconbox-text\"><p>Disponible las 24 horas, se encargar\u00e1 de llevar a cabo todos<br \/>\nlos detalles del servicio.<\/p>\n<\/div><\/div><\/div><div class=\"w-separator size_medium\"><\/div><\/div><\/div><\/div><div class=\"vc_col-sm-3 wpb_column vc_column_container\"><div class=\"vc_column-inner\"><div class=\"wpb_wrapper\"><div class=\"w-separator size_medium\"><\/div><div class=\"w-separator size_medium\"><\/div><div class=\"w-iconbox iconpos_top style_circle color_primary align_center\"><div class=\"w-iconbox-icon\"><i class=\"fas fa-couch\"><\/i><\/div><div class=\"w-iconbox-meta\"><h4 class=\"w-iconbox-title\">Complejos velatorios<\/h4><div class=\"w-iconbox-text\"><p>C\u00f3modos complejos velatorios equipados con cocina, dormitorio de descanso,<br \/>\nba\u00f1os y un amplio estar climatizado.<\/p>\n<\/div><\/div><\/div><div class=\"w-separator size_medium\"><\/div><\/div><\/div><\/div><div class=\"vc_col-sm-3 wpb_column vc_column_container\"><div class=\"vc_column-inner\"><div class=\"wpb_wrapper\"><div class=\"w-separator size_medium\"><\/div><div class=\"w-separator size_medium\"><\/div><div class=\"w-iconbox iconpos_top style_circle color_primary align_center\"><div class=\"w-iconbox-icon\"><i class=\"fas fa-building\"><\/i><\/div><div class=\"w-iconbox-meta\"><h4 class=\"w-iconbox-title\">Infraestructura<\/h4><div class=\"w-iconbox-text\"><p>Dos Salas, sala de Recepci\u00f3n, bar, desayuno, cafeter\u00eda, servicio de azafata, oficina de contrataci\u00f3n<\/p>\n<\/div><\/div><\/div><div class=\"w-separator size_medium\"><\/div><\/div><\/div><\/div><div class=\"vc_col-sm-3 wpb_column vc_column_container\"><div class=\"vc_column-inner\"><div class=\"wpb_wrapper\"><div class=\"w-separator size_medium\"><\/div><div class=\"w-separator size_medium\"><\/div><div class=\"w-iconbox iconpos_top style_circle color_primary align_center\"><div class=\"w-iconbox-icon\"><i class=\"fas fa-car\"><\/i><\/div><div class=\"w-iconbox-meta\"><h4 class=\"w-iconbox-title\">Veh\u00edculos<\/h4><div class=\"w-iconbox-text\"><p>Flota de veh\u00edculos de categor\u00eda.<\/p>\n<\/div><\/div><\/div><\/div><\/div><\/div><\/div><\/div><\/section><section class=\"l-section wpb_row us_custom_623bf010 height_auto\"><div class=\"l-section-h i-cf\"><div class=\"g-cols vc_row type_default valign_top\"><div class=\"vc_col-sm-12 wpb_column vc_column_container align_center\"><div class=\"vc_column-inner\"><div class=\"wpb_wrapper\"><div class=\"wpb_text_column\" ><div class=\"wpb_wrapper\"><p style=\"font-weight: 400; text-align: left;\"><strong><u>DOCUMENTACI\u00d3N INDISPENSABLE A PRESENTAR PARA SOLICITAR EL SERVICIO:<br \/>\n<\/u><\/strong>DNI FALLECIDO<br \/>\nDNI CONTRATANTE<br \/>\nCERTIFICADO DE DEFUNCI\u00d3N FIRMADO<br \/>\nLIBRETA DE MATRIMONIO SI FUERA CASADO (NO ES INDISPENSABLE)<\/p>\n<p style=\"text-align: left;\"><strong>DOCUMENTACI\u00d3N SECUNDARIA:<\/strong> CADA OBRA SOCIAL TIENE SUS REQUISITOS Y DOCUMENTACIONES A PRESENTAR, QUE EL PERSONAL DE TURNO SOLICITARA EN EL MOMENTO DE SOLICITAR EL SERVICIO, EN CASO DE SER PARTICULAR SOLO SE LE SOLICITAR\u00cdA LA DOCUMENTACI\u00d3N INDISPENSABLE ANTERIORMENTE DESCRIPTA.<\/p>\n<\/div><\/div><\/div><\/div><\/div><\/div><\/div><\/section><section class=\"l-section wpb_row us_custom_623bf010 height_auto\"><div class=\"l-section-h i-cf\"><div class=\"g-cols vc_row type_default valign_top\"><div class=\"vc_col-sm-12 wpb_column vc_column_container align_center\"><div class=\"vc_column-inner\"><div class=\"wpb_wrapper\"><div class=\"w-separator size_medium\"><\/div><div class=\"wpb_text_column\" ><div class=\"wpb_wrapper\"><p style=\"text-align: left;\"><strong><u>INHUMACI\u00d3N:<br \/>\n<\/u><\/strong>EN CASO DE INHUMAR EN SEPULTURA PROPIA PRESENTAR TITULO DE PROPIEDAD Y DNI DEL TITULAR.<br \/>\nSI UTILIZA LA PARCELA QUE LE BRINDA LA MUTUAL SOLO DNI DE QUIEN SERA EL TITULAR (EN CASO DE SER SOCIO DE OESTE O DE ALGUNA OBRA SOCIAL QUE LE BRINDE SEPULTURA)<br \/>\nEN CASO DE NO TENER SEPULTURA EXISTEN OPCIONES DE COMPRA Y ARRENDAMIENTOS (SEG\u00daN DISPONIBILIDAD)EN LOS CEMENTERIOS MUNICIPALES.<\/p>\n<p style=\"text-align: left;\">1- EN CASO DE CREMACI\u00d3N: EXISTE LA POSIBILIDAD DE EL CREMATORIO PUBLICO EN EL CEMENTERIO LA PIEDAD Y POR OTRO LADO CREMATORIOS PRIVADOS EN LOCALIDADES VECINAS<br \/>\n2- PRESENTAR: LIBRETA DE MATRIMONIO (SI O SI)<br \/>\nSI EL C\u00d3NYUGE ESTA EN VIDA ES QUIEN AUTORIZA.<br \/>\nSI EL C\u00d3NYUGE ESTA FALLECIDO AUTORIZAN TODOS LOS HIJOS RECONOCIDOS EN DICHA LIBRETA.<\/p>\n<p style=\"font-weight: 400; text-align: left;\"><strong>IMPORTANTE:<\/strong> CON RESPECTO A LA CREMACI\u00d3N, TODA PERSONA EN VIDA PUEDE DECIDIR POR SI MISMO SER CREMADA EN EL MOMENTO DE SU DECESO, TENIENDO 2 OPCIONES: 1) ACERCARSE A LAS OFICINAS DEL CEMENTERIO EL SALVADOR POR CALLE OVIDIO\u00a0LAGOS CON SU DNI Y 2 TESTIGOS Y REALIZAR LO QUE SE LLAMA LA CREMACI\u00d3N VOLUNTARIA PUBLICA. PAGANDO EL IMPUESTO CORRESPONDIENTE AL D\u00cdA DE SU REALIZACI\u00d3N SE PODR\u00c1 UTILIZAR EN EL MOMENTO DEL FALLECIMIENTO. 2)ACERCARSE A LA COCHER\u00cdA Y PODREMOS TRAMITARLE CON EL CANON Y LA DOCUMENTACI\u00d3N LO QUE SE LLAMA LA CREMACI\u00d3N VOLUNTARIA PRIVADA.<\/p>\n<\/div><\/div><\/div><\/div><\/div><\/div><\/div><\/section><section class=\"l-section wpb_row us_custom_bf62c5dd height_auto with_img\"><div class=\"l-section-img\" style=\"background-image: url(https:\/\/oesteserviciossociales.com\/wp-content\/uploads\/2018\/08\/backs.jpg);\" data-img-width=\"1024\" data-img-height=\"1024\"><\/div><div class=\"l-section-h i-cf\"><div class=\"g-cols vc_row type_default valign_top\"><div class=\"vc_col-sm-8 wpb_column vc_column_container\"><div class=\"vc_column-inner\"><div class=\"wpb_wrapper\"><div class=\"wpb_text_column us_custom_0c18f81d\" ><div class=\"wpb_wrapper\"><h3><span style=\"color: #ffffff;\"><em><strong>SERVICIOS ADICIONALES<\/strong><\/em><\/span><\/h3>\n<p><span style=\"color: #ffffff;\">\u2192 Florer\u00eda.<\/span><br \/>\n<span style=\"color: #ffffff;\">\u2192 Ubicaci\u00f3n de nichos y parcelas.<\/span><br \/>\n<span style=\"color: #ffffff;\">\u2192Ata\u00fades tem\u00e1ticos<\/span><br \/>\n<span style=\"color: #ffffff;\">\u2192 Reducciones y vaciamiento de sepulturas<\/span><br \/>\n<span style=\"color: #ffffff;\">\u2192 Traslados regionales, nacionales e internacionales.<\/span><br \/>\n<span style=\"color: #ffffff;\">\u2192 Tanatoest\u00e9tica<br \/>\n<\/span><span style=\"color: #ffffff;\">\u2192 Tanatopraxia<\/span><\/p>\n<\/div><\/div><\/div><\/div><\/div><div class=\"vc_col-sm-4 wpb_column vc_column_container has-fill\"><div class=\"vc_column-inner us_custom_3d2ba58f\"><div class=\"wpb_wrapper\">\n<div class=\"wpcf7 no-js\" id=\"wpcf7-f6373-o1\" lang=\"es-ES\" dir=\"ltr\">\n<div class=\"screen-reader-response\"><p role=\"status\" aria-live=\"polite\" aria-atomic=\"true\"><\/p> <ul><\/ul><\/div>\n<form action=\"\/index.php?rest_route=%2Fwp%2Fv2%2Fpages%2F6746#wpcf7-f6373-o1\" method=\"post\" class=\"wpcf7-form init cf7-style minimal-brown\" aria-label=\"Formulario de contacto\" novalidate=\"novalidate\" data-status=\"init\">\n<div style=\"display: none;\">\n<input type=\"hidden\" name=\"_wpcf7\" value=\"6373\" \/>\n<input type=\"hidden\" name=\"_wpcf7_version\" value=\"5.9.2\" \/>\n<input type=\"hidden\" name=\"_wpcf7_locale\" value=\"es_ES\" \/>\n<input type=\"hidden\" name=\"_wpcf7_unit_tag\" value=\"wpcf7-f6373-o1\" \/>\n<input type=\"hidden\" name=\"_wpcf7_container_post\" value=\"0\" \/>\n<input type=\"hidden\" name=\"_wpcf7_posted_data_hash\" value=\"\" \/>\n<\/div>\n<h3>\n\t<font color=\"navy\">\n\t\t<p><b>\u00a1ASOCIATE HOY!<\/b>\n\t\t<\/p>\n\t<\/font>\n<\/h3>\n<h5>Dej\u00e1 tus datos y te contactar\u00e1 un asesor con un plan a tu medida.\n<\/h5>\n<div style=\"margin-bottom: 5px;\">\n\t<p><span class=\"wpcf7-form-control-wrap\" data-name=\"nombre\"><input size=\"40\" class=\"wpcf7-form-control wpcf7-text wpcf7-validates-as-required\" id=\"nombre\" aria-required=\"true\" aria-invalid=\"false\" placeholder=\"Nombre y Apellido\" value=\"\" type=\"text\" name=\"nombre\" \/><\/span>\n\t<\/p>\n<\/div>\n<div style=\"margin-bottom: 5px;\">\n\t<p><span class=\"wpcf7-form-control-wrap\" data-name=\"email\"><input size=\"40\" class=\"wpcf7-form-control wpcf7-email wpcf7-validates-as-required wpcf7-text wpcf7-validates-as-email\" id=\"mail\" aria-required=\"true\" aria-invalid=\"false\" placeholder=\"E-mail\" value=\"\" type=\"email\" name=\"email\" \/><\/span>\n\t<\/p>\n<\/div>\n<div style=\"margin-bottom: 5px;\">\n\t<p><span class=\"wpcf7-form-control-wrap\" data-name=\"tel\"><input size=\"40\" class=\"wpcf7-form-control wpcf7-tel wpcf7-validates-as-required wpcf7-text wpcf7-validates-as-tel\" id=\"tel\" aria-required=\"true\" aria-invalid=\"false\" placeholder=\"Tel\u00e9fono\" value=\"\" type=\"tel\" name=\"tel\" \/><\/span>\n\t<\/p>\n<\/div>\n<div style=\"margin-bottom: 5px;\">\n\t<p><span class=\"wpcf7-form-control-wrap\" data-name=\"menu-253\"><select class=\"wpcf7-form-control wpcf7-select wpcf7-validates-as-required\" aria-required=\"true\" aria-invalid=\"false\" name=\"menu-253\"><option value=\"Empresa \/ Particular\">Empresa \/ Particular<\/option><option value=\"Particular\">Particular<\/option><option value=\"Empresa\">Empresa<\/option><\/select><\/span>\n\t<\/p>\n<\/div>\n<div>\n\t<p><button id=\"enviar\">Enviar<\/button>\n\t<\/p>\n<\/div>\n<p><script language=\"javascript\" type=\"text\/javascript\">\njQuery(\"#enviar\").click(function() {\nconsole.log($(\"#nombre\").val());\nconsole.log($(\"#tel\").val());\nconsole.log($(\"#mail\").val());\n\tif($(\"#nombre\").val() && $(\"#tel\").val() && $(\"#mail\").val() )\n\t{\n$.ajax({ \n\ttype: \"POST\",\n\turl: 'http:\/\/b88f0bed3a9e.sn.mynetname.net:8183\/service.asmx\/RegistrarMail',\n\tcrossDomain: true,\n\tdata: { empresa: 'Oeste Asesoramiento' , nombre : $('#nombre').val() , email: $('#mail').val(), telefono:$('#tel').val() },\n\tdataType: \"text\",\n\tsuccess: function (msg) {}, \n\terror: function (err) {}});}});\n<\/script>\n<\/p><p style=\"display: none !important;\" class=\"akismet-fields-container\" data-prefix=\"_wpcf7_ak_\"><label>&#916;<textarea name=\"_wpcf7_ak_hp_textarea\" cols=\"45\" rows=\"8\" maxlength=\"100\"><\/textarea><\/label><input type=\"hidden\" id=\"ak_js_1\" name=\"_wpcf7_ak_js\" value=\"83\"\/><script>document.getElementById( \"ak_js_1\" ).setAttribute( \"value\", ( new Date() ).getTime() );<\/script><\/p><div class=\"wpcf7-response-output\" aria-hidden=\"true\"><\/div>\n<\/form>\n<\/div>\n<\/div><\/div><\/div><\/div><\/div><\/section><div class=\"vc_col-sm-8 wpb_column vc_column_container align_center\"><div class=\"vc_column-inner\"><div class=\"wpb_wrapper\"><\/div><\/div><\/div>\n","protected":false},"excerpt":{"rendered":"[rev_slider_vc alias=\"peru2\"]Cocher\u00eda Oeste es una empresa de Oeste Servicios Sociales que est\u00e1 posicionada entre las mejores de Rosario y zona de influencia. Ofrecemos a nuestros clientes un servicio de excelencia, otorgando la calidez y contenci\u00f3n en momentos dif\u00edciles. Servicio de Sepelio Caracter\u00edsticas: Personal Especializado tomar\u00e1 el servicio, guiar\u00e1 y\/o suplir\u00e1 a los asociados en los...","protected":false},"author":1,"featured_media":0,"parent":0,"menu_order":0,"comment_status":"closed","ping_status":"closed","template":"","meta":{"footnotes":""},"yoast_head":"<!-- This site is optimized with the Yoast SEO plugin v22.2 - https:\/\/yoast.com\/wordpress\/plugins\/seo\/ -->\n<title>Zona Oeste - Per\u00fa - Oeste Servicios Sociales<\/title>\n<meta name=\"robots\" content=\"index, follow, max-snippet:-1, max-image-preview:large, max-video-preview:-1\" \/>\n<link rel=\"canonical\" href=\"https:\/\/oesteserviciossociales.com\/?page_id=6746\" \/>\n<meta property=\"og:locale\" content=\"es_ES\" \/>\n<meta property=\"og:type\" content=\"article\" \/>\n<meta property=\"og:title\" content=\"Zona Oeste - Per\u00fa - Oeste Servicios Sociales\" \/>\n<meta property=\"og:url\" content=\"https:\/\/oesteserviciossociales.com\/?page_id=6746\" \/>\n<meta property=\"og:site_name\" content=\"Oeste Servicios Sociales\" \/>\n<meta property=\"article:modified_time\" content=\"2020-01-13T14:59:19+00:00\" \/>\n<meta name=\"twitter:card\" content=\"summary_large_image\" \/>\n<meta name=\"twitter:label1\" content=\"Tiempo de lectura\" \/>\n\t<meta name=\"twitter:data1\" content=\"5 minutos\" \/>\n<script type=\"application\/ld+json\" class=\"yoast-schema-graph\">{\"@context\":\"https:\/\/schema.org\",\"@graph\":[{\"@type\":\"WebPage\",\"@id\":\"https:\/\/oesteserviciossociales.com\/?page_id=6746\",\"url\":\"https:\/\/oesteserviciossociales.com\/?page_id=6746\",\"name\":\"Zona Oeste - Per\u00fa - Oeste Servicios Sociales\",\"isPartOf\":{\"@id\":\"https:\/\/oesteserviciossociales.com\/#website\"},\"datePublished\":\"2018-09-13T15:00:26+00:00\",\"dateModified\":\"2020-01-13T14:59:19+00:00\",\"breadcrumb\":{\"@id\":\"https:\/\/oesteserviciossociales.com\/?page_id=6746#breadcrumb\"},\"inLanguage\":\"es\",\"potentialAction\":[{\"@type\":\"ReadAction\",\"target\":[\"https:\/\/oesteserviciossociales.com\/?page_id=6746\"]}]},{\"@type\":\"BreadcrumbList\",\"@id\":\"https:\/\/oesteserviciossociales.com\/?page_id=6746#breadcrumb\",\"itemListElement\":[{\"@type\":\"ListItem\",\"position\":1,\"name\":\"Portada\",\"item\":\"https:\/\/oesteserviciossociales.com\/\"},{\"@type\":\"ListItem\",\"position\":2,\"name\":\"Zona Oeste &#8211; Per\u00fa\"}]},{\"@type\":\"WebSite\",\"@id\":\"https:\/\/oesteserviciossociales.com\/#website\",\"url\":\"https:\/\/oesteserviciossociales.com\/\",\"name\":\"Oeste Servicios Sociales\",\"description\":\"La Orientaci\u00f3n Exacta\",\"potentialAction\":[{\"@type\":\"SearchAction\",\"target\":{\"@type\":\"EntryPoint\",\"urlTemplate\":\"https:\/\/oesteserviciossociales.com\/?s={search_term_string}\"},\"query-input\":\"required name=search_term_string\"}],\"inLanguage\":\"es\"}]}<\/script>\n<!-- \/ Yoast SEO plugin. -->","yoast_head_json":{"title":"Zona Oeste - Per\u00fa - Oeste Servicios Sociales","robots":{"index":"index","follow":"follow","max-snippet":"max-snippet:-1","max-image-preview":"max-image-preview:large","max-video-preview":"max-video-preview:-1"},"canonical":"https:\/\/oesteserviciossociales.com\/?page_id=6746","og_locale":"es_ES","og_type":"article","og_title":"Zona Oeste - Per\u00fa - Oeste Servicios Sociales","og_url":"https:\/\/oesteserviciossociales.com\/?page_id=6746","og_site_name":"Oeste Servicios Sociales","article_modified_time":"2020-01-13T14:59:19+00:00","twitter_card":"summary_large_image","twitter_misc":{"Tiempo de lectura":"5 minutos"},"schema":{"@context":"https:\/\/schema.org","@graph":[{"@type":"WebPage","@id":"https:\/\/oesteserviciossociales.com\/?page_id=6746","url":"https:\/\/oesteserviciossociales.com\/?page_id=6746","name":"Zona Oeste - Per\u00fa - Oeste Servicios Sociales","isPartOf":{"@id":"https:\/\/oesteserviciossociales.com\/#website"},"datePublished":"2018-09-13T15:00:26+00:00","dateModified":"2020-01-13T14:59:19+00:00","breadcrumb":{"@id":"https:\/\/oesteserviciossociales.com\/?page_id=6746#breadcrumb"},"inLanguage":"es","potentialAction":[{"@type":"ReadAction","target":["https:\/\/oesteserviciossociales.com\/?page_id=6746"]}]},{"@type":"BreadcrumbList","@id":"https:\/\/oesteserviciossociales.com\/?page_id=6746#breadcrumb","itemListElement":[{"@type":"ListItem","position":1,"name":"Portada","item":"https:\/\/oesteserviciossociales.com\/"},{"@type":"ListItem","position":2,"name":"Zona Oeste &#8211; Per\u00fa"}]},{"@type":"WebSite","@id":"https:\/\/oesteserviciossociales.com\/#website","url":"https:\/\/oesteserviciossociales.com\/","name":"Oeste Servicios Sociales","description":"La Orientaci\u00f3n Exacta","potentialAction":[{"@type":"SearchAction","target":{"@type":"EntryPoint","urlTemplate":"https:\/\/oesteserviciossociales.com\/?s={search_term_string}"},"query-input":"required name=search_term_string"}],"inLanguage":"es"}]}},"_links":{"self":[{"href":"https:\/\/oesteserviciossociales.com\/index.php?rest_route=\/wp\/v2\/pages\/6746"}],"collection":[{"href":"https:\/\/oesteserviciossociales.com\/index.php?rest_route=\/wp\/v2\/pages"}],"about":[{"href":"https:\/\/oesteserviciossociales.com\/index.php?rest_route=\/wp\/v2\/types\/page"}],"author":[{"embeddable":true,"href":"https:\/\/oesteserviciossociales.com\/index.php?rest_route=\/wp\/v2\/users\/1"}],"replies":[{"embeddable":true,"href":"https:\/\/oesteserviciossociales.com\/index.php?rest_route=%2Fwp%2Fv2%2Fcomments&post=6746"}],"version-history":[{"count":17,"href":"https:\/\/oesteserviciossociales.com\/index.php?rest_route=\/wp\/v2\/pages\/6746\/revisions"}],"predecessor-version":[{"id":7302,"href":"https:\/\/oesteserviciossociales.com\/index.php?rest_route=\/wp\/v2\/pages\/6746\/revisions\/7302"}],"wp:attachment":[{"href":"https:\/\/oesteserviciossociales.com\/index.php?rest_route=%2Fwp%2Fv2%2Fmedia&parent=6746"}],"curies":[{"name":"wp","href":"https:\/\/api.w.org\/{rel}","templated":true}]}}