{"id":3549,"date":"2015-04-08T15:40:23","date_gmt":"2015-04-08T15:40:23","guid":{"rendered":"http:\/\/impreza.us-themes.net\/?page_id=3549"},"modified":"2020-01-13T14:59:15","modified_gmt":"2020-01-13T14:59:15","slug":"home-4","status":"publish","type":"page","link":"https:\/\/oesteserviciossociales.com\/?page_id=3549","title":{"rendered":"Cardiss"},"content":{"rendered":"<section class=\"l-section wpb_row height_medium width_full color_custom\"><div class=\"l-section-h i-cf\"><div class=\"g-cols vc_row type_default valign_top\"><div class=\"vc_col-sm-12 wpb_column vc_column_container\"><div class=\"vc_column-inner\"><div class=\"wpb_wrapper\">[rev_slider_vc alias=\u00bbcardiss\u00bb]<\/div><\/div><\/div><\/div><\/div><\/section><section class=\"l-section wpb_row height_medium\"><div class=\"l-section-h i-cf\"><div class=\"g-cols vc_row type_default valign_top\"><div class=\"vc_col-sm-12 wpb_column vc_column_container\"><div class=\"vc_column-inner\"><div class=\"wpb_wrapper\"><div class=\"wpb_text_column\" ><div class=\"wpb_wrapper\"><p style=\"text-align: center;\"><strong>Cardiss Emergencias M\u00e9dicas<\/strong> es una empresa de Oeste Servicios Sociales creada para la atenci\u00f3n exclusiva de nuestros asociados, con unidades equipadas con tecnolog\u00eda de alta complejidad.<\/p>\n<\/div><\/div><\/div><\/div><\/div><\/div><\/div><\/section><section class=\"l-section wpb_row us_custom_623bf010 height_auto\"><div class=\"l-section-h i-cf\"><div class=\"g-cols vc_row type_default valign_top\"><div class=\"vc_col-sm-12 wpb_column vc_column_container align_center\"><div class=\"vc_column-inner\"><div class=\"wpb_wrapper\"><div class=\"w-image align_none\"><div class=\"w-image-h\"><img loading=\"lazy\" decoding=\"async\" width=\"1024\" height=\"127\" src=\"https:\/\/oesteserviciossociales.com\/wp-content\/uploads\/2018\/07\/atencion-1024x127.jpg\" class=\"attachment-large size-large\" alt=\"\" srcset=\"https:\/\/oesteserviciossociales.com\/wp-content\/uploads\/2018\/07\/atencion-1024x127.jpg 1024w, https:\/\/oesteserviciossociales.com\/wp-content\/uploads\/2018\/07\/atencion-300x37.jpg 300w, https:\/\/oesteserviciossociales.com\/wp-content\/uploads\/2018\/07\/atencion-600x75.jpg 600w, https:\/\/oesteserviciossociales.com\/wp-content\/uploads\/2018\/07\/atencion.jpg 1200w\" sizes=\"(max-width: 1024px) 100vw, 1024px\" \/><\/div><\/div><div class=\"w-separator size_medium\"><\/div><\/div><\/div><\/div><\/div><\/div><\/section><section class=\"l-section wpb_row us_custom_623bf010 height_auto\"><div class=\"l-section-h i-cf\"><div class=\"g-cols vc_row type_default valign_top\"><div class=\"vc_col-sm-12 wpb_column vc_column_container align_center\"><div class=\"vc_column-inner\"><div class=\"wpb_wrapper\"><div class=\"w-separator size_medium\"><\/div><div class=\"w-iconbox iconpos_left style_circle color_primary align_left\"><div class=\"w-iconbox-icon\"><i class=\"fas fa-building\"><\/i><\/div><div class=\"w-iconbox-meta\"><h4 class=\"w-iconbox-title\">Cardiss Emergencias M\u00e9dicas<\/h4><div class=\"w-iconbox-text\"><p>Fue impulsada y lanzada al mercado por un grupo de personas que entienden que una pr\u00e1ctica m\u00e9dica tiene que estar provista de Responsabilidad, Aptitud y Actitud.<br \/>\nEn estos tres valores se basa todo el equipo de CARDISS para seleccionar a su personal, tanto profesional como auxiliar y a todos sus proveedores.<\/p>\n<\/div><\/div><\/div><div class=\"w-separator size_medium\"><\/div><\/div><\/div><\/div><\/div><\/div><\/section><section class=\"l-section wpb_row us_custom_623bf010 height_auto\"><div class=\"l-section-h i-cf\"><div class=\"g-cols vc_row type_default valign_top\"><div class=\"vc_col-sm-4 wpb_column vc_column_container align_center\"><div class=\"vc_column-inner\"><div class=\"wpb_wrapper\"><div class=\"w-iconbox iconpos_top style_circle color_primary align_center\"><div class=\"w-iconbox-icon\"><i class=\"fas fa-ambulance\"><\/i><\/div><div class=\"w-iconbox-meta\"><h4 class=\"w-iconbox-title\">Emergencias<\/h4><div class=\"w-iconbox-text\"><p>Urgencias, visitas m\u00e9dicas domiciliarias, traslados programados.<\/p>\n<\/div><\/div><\/div><div class=\"w-separator size_medium\"><\/div><\/div><\/div><\/div><div class=\"vc_col-sm-4 wpb_column vc_column_container\"><div class=\"vc_column-inner\"><div class=\"wpb_wrapper\"><div class=\"w-iconbox iconpos_top style_circle color_primary align_center\"><div class=\"w-iconbox-icon\"><i class=\"fas fa-briefcase-medical\"><\/i><\/div><div class=\"w-iconbox-meta\"><h4 class=\"w-iconbox-title\">Unidades de alta complejidad.<\/h4><div class=\"w-iconbox-text\"><p>Poseemos unidades propias de alta complejidad.<\/p>\n<\/div><\/div><\/div><div class=\"w-separator size_medium\"><\/div><\/div><\/div><\/div><div class=\"vc_col-sm-4 wpb_column vc_column_container\"><div class=\"vc_column-inner\"><div class=\"wpb_wrapper\"><div class=\"w-iconbox iconpos_top style_circle color_primary align_center\"><div class=\"w-iconbox-icon\"><i class=\"fas fa-universal-access\"><\/i><\/div><div class=\"w-iconbox-meta\"><h4 class=\"w-iconbox-title\">Cobertura<\/h4><div class=\"w-iconbox-text\"><p>Cobertura en eventos privados.<\/p>\n<\/div><\/div><\/div><div class=\"w-separator size_medium\"><\/div><\/div><\/div><\/div><\/div><\/div><\/section><section class=\"l-section wpb_row us_custom_623bf010 height_auto\"><div class=\"l-section-h i-cf\"><div class=\"g-cols vc_row type_default valign_top\"><div class=\"vc_col-sm-12 wpb_column vc_column_container align_center\"><div class=\"vc_column-inner\"><div class=\"wpb_wrapper\"><div class=\"w-image align_none\"><div class=\"w-image-h\"><img loading=\"lazy\" decoding=\"async\" width=\"1020\" height=\"126\" src=\"https:\/\/oesteserviciossociales.com\/wp-content\/uploads\/2018\/08\/unida.jpg\" class=\"attachment-large size-large\" alt=\"\" srcset=\"https:\/\/oesteserviciossociales.com\/wp-content\/uploads\/2018\/08\/unida.jpg 1020w, https:\/\/oesteserviciossociales.com\/wp-content\/uploads\/2018\/08\/unida-300x37.jpg 300w, https:\/\/oesteserviciossociales.com\/wp-content\/uploads\/2018\/08\/unida-600x74.jpg 600w\" sizes=\"(max-width: 1020px) 100vw, 1020px\" \/><\/div><\/div><div class=\"w-separator size_medium\"><\/div><\/div><\/div><\/div><\/div><\/div><\/section><section class=\"l-section wpb_row us_custom_623bf010 height_auto\"><div class=\"l-section-h i-cf\"><div class=\"g-cols vc_row type_default valign_top\"><div class=\"vc_col-sm-4 wpb_column vc_column_container align_center\"><div class=\"vc_column-inner\"><div class=\"wpb_wrapper\"><div class=\"w-image align_right\"><div class=\"w-image-h\"><img loading=\"lazy\" decoding=\"async\" width=\"297\" height=\"198\" src=\"https:\/\/oesteserviciossociales.com\/wp-content\/uploads\/2018\/08\/al1.jpg\" class=\"attachment-large size-large\" alt=\"\" \/><\/div><\/div><div class=\"w-separator size_medium\"><\/div><\/div><\/div><\/div><div class=\"vc_col-sm-4 wpb_column vc_column_container\"><div class=\"vc_column-inner\"><div class=\"wpb_wrapper\"><div class=\"w-image align_center\"><div class=\"w-image-h\"><img loading=\"lazy\" decoding=\"async\" width=\"297\" height=\"198\" src=\"https:\/\/oesteserviciossociales.com\/wp-content\/uploads\/2018\/08\/al2.jpg\" class=\"attachment-large size-large\" alt=\"\" \/><\/div><\/div><div class=\"w-separator size_medium\"><\/div><\/div><\/div><\/div><div class=\"vc_col-sm-4 wpb_column vc_column_container\"><div class=\"vc_column-inner\"><div class=\"wpb_wrapper\"><div class=\"w-image align_left\"><div class=\"w-image-h\"><img loading=\"lazy\" decoding=\"async\" width=\"297\" height=\"198\" src=\"https:\/\/oesteserviciossociales.com\/wp-content\/uploads\/2018\/08\/al3.jpg\" class=\"attachment-large size-large\" alt=\"\" \/><\/div><\/div><div class=\"w-separator size_medium\"><\/div><\/div><\/div><\/div><\/div><\/div><\/section><section class=\"l-section wpb_row us_custom_623bf010 height_auto\"><div class=\"l-section-h i-cf\"><div class=\"g-cols vc_row type_default valign_top\"><div class=\"vc_col-sm-4 wpb_column vc_column_container align_center\"><div class=\"vc_column-inner\"><div class=\"wpb_wrapper\"><div class=\"w-image align_right\"><div class=\"w-image-h\"><img loading=\"lazy\" decoding=\"async\" width=\"297\" height=\"198\" src=\"https:\/\/oesteserviciossociales.com\/wp-content\/uploads\/2018\/08\/al4.jpg\" class=\"attachment-large size-large\" alt=\"\" \/><\/div><\/div><div class=\"w-separator size_medium\"><\/div><\/div><\/div><\/div><div class=\"vc_col-sm-4 wpb_column vc_column_container\"><div class=\"vc_column-inner\"><div class=\"wpb_wrapper\"><div class=\"w-image align_center\"><div class=\"w-image-h\"><img loading=\"lazy\" decoding=\"async\" width=\"297\" height=\"198\" src=\"https:\/\/oesteserviciossociales.com\/wp-content\/uploads\/2018\/08\/al5.jpg\" class=\"attachment-large size-large\" alt=\"\" \/><\/div><\/div><div class=\"w-separator size_medium\"><\/div><\/div><\/div><\/div><div class=\"vc_col-sm-4 wpb_column vc_column_container\"><div class=\"vc_column-inner\"><div class=\"wpb_wrapper\"><div class=\"w-image align_left\"><div class=\"w-image-h\"><img loading=\"lazy\" decoding=\"async\" width=\"297\" height=\"198\" src=\"https:\/\/oesteserviciossociales.com\/wp-content\/uploads\/2018\/08\/al6.jpg\" class=\"attachment-large size-large\" alt=\"\" \/><\/div><\/div><div class=\"w-separator size_medium\"><\/div><\/div><\/div><\/div><\/div><\/div><\/section><section class=\"l-section wpb_row us_custom_bf62c5dd height_auto with_img\"><div class=\"l-section-img\" style=\"background-image: url(https:\/\/oesteserviciossociales.com\/wp-content\/uploads\/2018\/07\/12a.jpg);\" data-img-width=\"1036\" data-img-height=\"772\"><\/div><div class=\"l-section-h i-cf\"><div class=\"g-cols vc_row type_default valign_top\"><div class=\"vc_col-sm-8 wpb_column vc_column_container\"><div class=\"vc_column-inner\"><div class=\"wpb_wrapper\"><div class=\"wpb_text_column us_custom_0c18f81d\" ><div class=\"wpb_wrapper\"><h3><span style=\"color: #ffffff;\"><em><strong>EN CASO DE EMERGENCIAS<\/strong><\/em><\/span><\/h3>\n<p><span style=\"color: #ffffff;\">\u2192 Toda llamada que se recepciona en nuestra sala operativa es evaluada por personal espec\u00edficamente capacitado para dicho fin.<\/span><br \/>\n<span style=\"color: #ffffff;\">\u2192 Recuerde que el SEM lo debe activar la persona que mas tranquila se encuentre en el lugar de los hechos.<\/span><br \/>\n<span style=\"color: #ffffff;\">\u2192 Siempre deber\u00e1 primeramente indicar n\u00famero telef\u00f3nico (celular o fijo), nombre y apellido del paciente.<\/span><br \/>\n<span style=\"color: #ffffff;\">\u2192 El evaluador realizar\u00e1 las preguntas de rigor para clasificar el pedido en Emergencia: Urgencia o Visita M\u00e9dica Domiciliaria.<\/span><br \/>\n<span style=\"color: #ffffff;\">\u2192 Recuerde que cuando se califica como Emergencia, corre riesgo la vida del paciente, Urgencia es aquella situaci\u00f3n en la que no existe riesgo inminente para la vida pero requiere r\u00e1pida intervenci\u00f3n m\u00e9dica, y una Visita M\u00e9dica, es para aquellas situaciones no urgentes ni graves.<\/span><br \/>\n<span style=\"color: #ffffff;\">\u2192 Las preguntas formuladas por nuestro evaluador y la toma de datos no demora mas de un minuto y treinta segundos, necesarios para clasificar la visita con la mayor exactitud posible. Siga siempre los pasos indicados por el evaluador.<\/span><\/p>\n<\/div><\/div><\/div><\/div><\/div><div class=\"vc_col-sm-4 wpb_column vc_column_container has-fill\"><div class=\"vc_column-inner us_custom_3d2ba58f\"><div class=\"wpb_wrapper\">\n<div class=\"wpcf7 no-js\" id=\"wpcf7-f6373-o1\" lang=\"es-ES\" dir=\"ltr\">\n<div class=\"screen-reader-response\"><p role=\"status\" aria-live=\"polite\" aria-atomic=\"true\"><\/p> <ul><\/ul><\/div>\n<form action=\"\/index.php?rest_route=%2Fwp%2Fv2%2Fpages%2F3549#wpcf7-f6373-o1\" method=\"post\" class=\"wpcf7-form init cf7-style minimal-brown\" aria-label=\"Formulario de contacto\" novalidate=\"novalidate\" data-status=\"init\">\n<div style=\"display: none;\">\n<input type=\"hidden\" name=\"_wpcf7\" value=\"6373\" \/>\n<input type=\"hidden\" name=\"_wpcf7_version\" value=\"5.9.2\" \/>\n<input type=\"hidden\" name=\"_wpcf7_locale\" value=\"es_ES\" \/>\n<input type=\"hidden\" name=\"_wpcf7_unit_tag\" value=\"wpcf7-f6373-o1\" \/>\n<input type=\"hidden\" name=\"_wpcf7_container_post\" value=\"0\" \/>\n<input type=\"hidden\" name=\"_wpcf7_posted_data_hash\" value=\"\" \/>\n<\/div>\n<h3>\n\t<font color=\"navy\">\n\t\t<p><b>\u00a1ASOCIATE HOY!<\/b>\n\t\t<\/p>\n\t<\/font>\n<\/h3>\n<h5>Dej\u00e1 tus datos y te contactar\u00e1 un asesor con un plan a tu medida.\n<\/h5>\n<div style=\"margin-bottom: 5px;\">\n\t<p><span class=\"wpcf7-form-control-wrap\" data-name=\"nombre\"><input size=\"40\" class=\"wpcf7-form-control wpcf7-text wpcf7-validates-as-required\" id=\"nombre\" aria-required=\"true\" aria-invalid=\"false\" placeholder=\"Nombre y Apellido\" value=\"\" type=\"text\" name=\"nombre\" \/><\/span>\n\t<\/p>\n<\/div>\n<div style=\"margin-bottom: 5px;\">\n\t<p><span class=\"wpcf7-form-control-wrap\" data-name=\"email\"><input size=\"40\" class=\"wpcf7-form-control wpcf7-email wpcf7-validates-as-required wpcf7-text wpcf7-validates-as-email\" id=\"mail\" aria-required=\"true\" aria-invalid=\"false\" placeholder=\"E-mail\" value=\"\" type=\"email\" name=\"email\" \/><\/span>\n\t<\/p>\n<\/div>\n<div style=\"margin-bottom: 5px;\">\n\t<p><span class=\"wpcf7-form-control-wrap\" data-name=\"tel\"><input size=\"40\" class=\"wpcf7-form-control wpcf7-tel wpcf7-validates-as-required wpcf7-text wpcf7-validates-as-tel\" id=\"tel\" aria-required=\"true\" aria-invalid=\"false\" placeholder=\"Tel\u00e9fono\" value=\"\" type=\"tel\" name=\"tel\" \/><\/span>\n\t<\/p>\n<\/div>\n<div style=\"margin-bottom: 5px;\">\n\t<p><span class=\"wpcf7-form-control-wrap\" data-name=\"menu-253\"><select class=\"wpcf7-form-control wpcf7-select wpcf7-validates-as-required\" aria-required=\"true\" aria-invalid=\"false\" name=\"menu-253\"><option value=\"Empresa \/ Particular\">Empresa \/ Particular<\/option><option value=\"Particular\">Particular<\/option><option value=\"Empresa\">Empresa<\/option><\/select><\/span>\n\t<\/p>\n<\/div>\n<div>\n\t<p><button id=\"enviar\">Enviar<\/button>\n\t<\/p>\n<\/div>\n<p><script language=\"javascript\" type=\"text\/javascript\">\njQuery(\"#enviar\").click(function() {\nconsole.log($(\"#nombre\").val());\nconsole.log($(\"#tel\").val());\nconsole.log($(\"#mail\").val());\n\tif($(\"#nombre\").val() && $(\"#tel\").val() && $(\"#mail\").val() )\n\t{\n$.ajax({ \n\ttype: \"POST\",\n\turl: 'http:\/\/b88f0bed3a9e.sn.mynetname.net:8183\/service.asmx\/RegistrarMail',\n\tcrossDomain: true,\n\tdata: { empresa: 'Oeste Asesoramiento' , nombre : $('#nombre').val() , email: $('#mail').val(), telefono:$('#tel').val() },\n\tdataType: \"text\",\n\tsuccess: function (msg) {}, \n\terror: function (err) {}});}});\n<\/script>\n<\/p><p style=\"display: none !important;\" class=\"akismet-fields-container\" data-prefix=\"_wpcf7_ak_\"><label>&#916;<textarea name=\"_wpcf7_ak_hp_textarea\" cols=\"45\" rows=\"8\" maxlength=\"100\"><\/textarea><\/label><input type=\"hidden\" id=\"ak_js_1\" name=\"_wpcf7_ak_js\" value=\"29\"\/><script>document.getElementById( \"ak_js_1\" ).setAttribute( \"value\", ( new Date() ).getTime() );<\/script><\/p><div class=\"wpcf7-response-output\" aria-hidden=\"true\"><\/div>\n<\/form>\n<\/div>\n<\/div><\/div><\/div><\/div><\/div><\/section><div class=\"vc_col-sm-8 wpb_column vc_column_container align_center\"><div class=\"vc_column-inner\"><div class=\"wpb_wrapper\"><\/div><\/div><\/div>\n","protected":false},"excerpt":{"rendered":"[rev_slider_vc alias=\"cardiss\"]Cardiss Emergencias M\u00e9dicas es una empresa de Oeste Servicios Sociales creada para la atenci\u00f3n exclusiva de nuestros asociados, con unidades equipadas con tecnolog\u00eda de alta complejidad. Cardiss Emergencias M\u00e9dicasFue impulsada y lanzada al mercado por un grupo de personas que entienden que una pr\u00e1ctica m\u00e9dica tiene que estar provista de Responsabilidad, Aptitud y Actitud....","protected":false},"author":1,"featured_media":0,"parent":0,"menu_order":0,"comment_status":"closed","ping_status":"closed","template":"","meta":{"footnotes":""},"yoast_head":"<!-- This site is optimized with the Yoast SEO plugin v22.2 - https:\/\/yoast.com\/wordpress\/plugins\/seo\/ -->\n<title>Cardiss - Oeste Servicios Sociales<\/title>\n<meta name=\"robots\" content=\"index, follow, max-snippet:-1, max-image-preview:large, max-video-preview:-1\" \/>\n<link rel=\"canonical\" href=\"https:\/\/oesteserviciossociales.com\/?page_id=3549\" \/>\n<meta property=\"og:locale\" content=\"es_ES\" \/>\n<meta property=\"og:type\" content=\"article\" \/>\n<meta property=\"og:title\" content=\"Cardiss - Oeste Servicios Sociales\" \/>\n<meta property=\"og:url\" content=\"https:\/\/oesteserviciossociales.com\/?page_id=3549\" \/>\n<meta property=\"og:site_name\" content=\"Oeste Servicios Sociales\" \/>\n<meta property=\"article:modified_time\" content=\"2020-01-13T14:59:15+00:00\" \/>\n<meta name=\"twitter:card\" content=\"summary_large_image\" \/>\n<meta name=\"twitter:label1\" content=\"Tiempo de lectura\" \/>\n\t<meta name=\"twitter:data1\" content=\"4 minutos\" \/>\n<script type=\"application\/ld+json\" class=\"yoast-schema-graph\">{\"@context\":\"https:\/\/schema.org\",\"@graph\":[{\"@type\":\"WebPage\",\"@id\":\"https:\/\/oesteserviciossociales.com\/?page_id=3549\",\"url\":\"https:\/\/oesteserviciossociales.com\/?page_id=3549\",\"name\":\"Cardiss - Oeste Servicios Sociales\",\"isPartOf\":{\"@id\":\"https:\/\/oesteserviciossociales.com\/#website\"},\"datePublished\":\"2015-04-08T15:40:23+00:00\",\"dateModified\":\"2020-01-13T14:59:15+00:00\",\"breadcrumb\":{\"@id\":\"https:\/\/oesteserviciossociales.com\/?page_id=3549#breadcrumb\"},\"inLanguage\":\"es\",\"potentialAction\":[{\"@type\":\"ReadAction\",\"target\":[\"https:\/\/oesteserviciossociales.com\/?page_id=3549\"]}]},{\"@type\":\"BreadcrumbList\",\"@id\":\"https:\/\/oesteserviciossociales.com\/?page_id=3549#breadcrumb\",\"itemListElement\":[{\"@type\":\"ListItem\",\"position\":1,\"name\":\"Portada\",\"item\":\"https:\/\/oesteserviciossociales.com\/\"},{\"@type\":\"ListItem\",\"position\":2,\"name\":\"Cardiss\"}]},{\"@type\":\"WebSite\",\"@id\":\"https:\/\/oesteserviciossociales.com\/#website\",\"url\":\"https:\/\/oesteserviciossociales.com\/\",\"name\":\"Oeste Servicios Sociales\",\"description\":\"La Orientaci\u00f3n Exacta\",\"potentialAction\":[{\"@type\":\"SearchAction\",\"target\":{\"@type\":\"EntryPoint\",\"urlTemplate\":\"https:\/\/oesteserviciossociales.com\/?s={search_term_string}\"},\"query-input\":\"required name=search_term_string\"}],\"inLanguage\":\"es\"}]}<\/script>\n<!-- \/ Yoast SEO plugin. -->","yoast_head_json":{"title":"Cardiss - Oeste Servicios Sociales","robots":{"index":"index","follow":"follow","max-snippet":"max-snippet:-1","max-image-preview":"max-image-preview:large","max-video-preview":"max-video-preview:-1"},"canonical":"https:\/\/oesteserviciossociales.com\/?page_id=3549","og_locale":"es_ES","og_type":"article","og_title":"Cardiss - Oeste Servicios Sociales","og_url":"https:\/\/oesteserviciossociales.com\/?page_id=3549","og_site_name":"Oeste Servicios Sociales","article_modified_time":"2020-01-13T14:59:15+00:00","twitter_card":"summary_large_image","twitter_misc":{"Tiempo de lectura":"4 minutos"},"schema":{"@context":"https:\/\/schema.org","@graph":[{"@type":"WebPage","@id":"https:\/\/oesteserviciossociales.com\/?page_id=3549","url":"https:\/\/oesteserviciossociales.com\/?page_id=3549","name":"Cardiss - Oeste Servicios Sociales","isPartOf":{"@id":"https:\/\/oesteserviciossociales.com\/#website"},"datePublished":"2015-04-08T15:40:23+00:00","dateModified":"2020-01-13T14:59:15+00:00","breadcrumb":{"@id":"https:\/\/oesteserviciossociales.com\/?page_id=3549#breadcrumb"},"inLanguage":"es","potentialAction":[{"@type":"ReadAction","target":["https:\/\/oesteserviciossociales.com\/?page_id=3549"]}]},{"@type":"BreadcrumbList","@id":"https:\/\/oesteserviciossociales.com\/?page_id=3549#breadcrumb","itemListElement":[{"@type":"ListItem","position":1,"name":"Portada","item":"https:\/\/oesteserviciossociales.com\/"},{"@type":"ListItem","position":2,"name":"Cardiss"}]},{"@type":"WebSite","@id":"https:\/\/oesteserviciossociales.com\/#website","url":"https:\/\/oesteserviciossociales.com\/","name":"Oeste Servicios Sociales","description":"La Orientaci\u00f3n Exacta","potentialAction":[{"@type":"SearchAction","target":{"@type":"EntryPoint","urlTemplate":"https:\/\/oesteserviciossociales.com\/?s={search_term_string}"},"query-input":"required name=search_term_string"}],"inLanguage":"es"}]}},"_links":{"self":[{"href":"https:\/\/oesteserviciossociales.com\/index.php?rest_route=\/wp\/v2\/pages\/3549"}],"collection":[{"href":"https:\/\/oesteserviciossociales.com\/index.php?rest_route=\/wp\/v2\/pages"}],"about":[{"href":"https:\/\/oesteserviciossociales.com\/index.php?rest_route=\/wp\/v2\/types\/page"}],"author":[{"embeddable":true,"href":"https:\/\/oesteserviciossociales.com\/index.php?rest_route=\/wp\/v2\/users\/1"}],"replies":[{"embeddable":true,"href":"https:\/\/oesteserviciossociales.com\/index.php?rest_route=%2Fwp%2Fv2%2Fcomments&post=3549"}],"version-history":[{"count":157,"href":"https:\/\/oesteserviciossociales.com\/index.php?rest_route=\/wp\/v2\/pages\/3549\/revisions"}],"predecessor-version":[{"id":7287,"href":"https:\/\/oesteserviciossociales.com\/index.php?rest_route=\/wp\/v2\/pages\/3549\/revisions\/7287"}],"wp:attachment":[{"href":"https:\/\/oesteserviciossociales.com\/index.php?rest_route=%2Fwp%2Fv2%2Fmedia&parent=3549"}],"curies":[{"name":"wp","href":"https:\/\/api.w.org\/{rel}","templated":true}]}}